{"id":16472,"date":"2024-08-31T14:33:40","date_gmt":"2024-08-31T14:33:40","guid":{"rendered":"https:\/\/swissclinic.hu\/?page_id=16472"},"modified":"2024-10-31T14:38:11","modified_gmt":"2024-10-31T14:38:11","slug":"szeged-clinic","status":"publish","type":"page","link":"https:\/\/swissclinic.hu\/en\/szeged-clinic\/","title":{"rendered":"SZEGED CLINIC"},"content":{"rendered":"\t\t<div data-elementor-type=\"wp-post\" data-elementor-id=\"16472\" class=\"elementor elementor-16472\">\n\t\t\t\t\t\t\t\t\t<section class=\"elementor-section elementor-top-section elementor-element elementor-element-2861105 elementor-section-full_width elementor-section-height-default elementor-section-height-default\" data-id=\"2861105\" data-element_type=\"section\" data-settings=\"{&quot;background_background&quot;:&quot;classic&quot;}\">\n\t\t\t\t\t\t\t<div class=\"elementor-background-overlay\"><\/div>\n\t\t\t\t\t\t\t<div class=\"elementor-container elementor-column-gap-default\">\n\t\t\t\t\t<div class=\"elementor-column elementor-col-100 elementor-top-column elementor-element elementor-element-a3ca0de\" data-id=\"a3ca0de\" data-element_type=\"column\">\n\t\t\t<div class=\"elementor-widget-wrap elementor-element-populated\">\n\t\t\t\t\t\t\t\t<div class=\"elementor-element elementor-element-1938ca8 elementor-widget elementor-widget-heading\" data-id=\"1938ca8\" data-element_type=\"widget\" data-widget_type=\"heading.default\">\n\t\t\t\t<div class=\"elementor-widget-container\">\n\t\t\t<style>\/*! elementor - v3.7.8 - 02-10-2022 *\/\n.elementor-heading-title{padding:0;margin:0;line-height:1}.elementor-widget-heading .elementor-heading-title[class*=elementor-size-]>a{color:inherit;font-size:inherit;line-height:inherit}.elementor-widget-heading .elementor-heading-title.elementor-size-small{font-size:15px}.elementor-widget-heading .elementor-heading-title.elementor-size-medium{font-size:19px}.elementor-widget-heading .elementor-heading-title.elementor-size-large{font-size:29px}.elementor-widget-heading .elementor-heading-title.elementor-size-xl{font-size:39px}.elementor-widget-heading .elementor-heading-title.elementor-size-xxl{font-size:59px}<\/style><h2 class=\"elementor-heading-title elementor-size-default\">SZEGED CLINIC\n<\/h2>\t\t<\/div>\n\t\t\t\t<\/div>\n\t\t\t\t\t<\/div>\n\t\t<\/div>\n\t\t\t\t\t\t\t<\/div>\n\t\t<\/section>\n\t\t\t\t<section class=\"elementor-section elementor-top-section elementor-element elementor-element-8f877fd elementor-section-full_width elementor-section-height-default elementor-section-height-default\" data-id=\"8f877fd\" data-element_type=\"section\">\n\t\t\t\t\t\t<div class=\"elementor-container elementor-column-gap-no\">\n\t\t\t\t\t<div class=\"elementor-column elementor-col-100 elementor-top-column elementor-element elementor-element-24e6cf8\" data-id=\"24e6cf8\" data-element_type=\"column\">\n\t\t\t<div class=\"elementor-widget-wrap elementor-element-populated\">\n\t\t\t\t\t\t\t\t<div class=\"elementor-element elementor-element-10f7b97 elementor-align-left elementor-widget elementor-widget-bdevs-about\" data-id=\"10f7b97\" data-element_type=\"widget\" data-widget_type=\"bdevs-about.default\">\n\t\t\t\t<div class=\"elementor-widget-container\">\n\t\t\t        <section class=\"about-area\">\r\n            <div class=\"container\">\r\n                <div class=\"row\">\r\n                    <div class=\"col-xl-6 col-lg-5\">\r\n                    \t                        <div class=\"medical-icon-brand-2\">\r\n                        \t<img src=\"https:\/\/swissclinic.hu\/wp-content\/themes\/medidove\/img\/about\/medical-brand-icon-border.png\" alt=\"\">\r\n                        <\/div>\r\n                                                <div class=\"about-left-side pos-rel mb-30\">\r\n                            <div class=\"about-front-img\">\r\n                                \t\t\t\t\t\t\t\t   <img src=\"https:\/\/swissclinic.hu\/wp-content\/uploads\/2022\/11\/000000000000000002.jpg\" alt=\"\">\r\n\t\t\t\t\t\t\t\t                            <\/div>\r\n\r\n                                                        <div class=\"about-shape\">\r\n                                <img src=\"https:\/\/swissclinic.hu\/wp-content\/themes\/medidove\/img\/about\/about-shape.png\" alt=\"\">\r\n                            <\/div>\r\n                        \t                        <\/div>\r\n                    <\/div>\r\n                    <div class=\"col-xl-6 col-lg-7\">\r\n                        <div class=\"about-right-side tp-el-content pt-55 mb-30\">\r\n                            <div class=\"about-title mb-20\">\r\n\t\t\t\t\t\t\t\t\t \r\n\r\n\t\t\t\t\t\t\t\t\t\t\t\t\t\t\t\t<h2 class=\"sec-title tp-el-title\">6722 Szeged, M\u00e9rey u. 6\/b<\/h2>\r\n\t\t\t\t\t\t\t\t\t\r\n                            <\/div>\r\n                            <div class=\"about-text\">\r\n                               <p>At this clinic, we provide occupational health services exclusively. We welcome employees from contracted companies upon prior appointment.<\/p><p><strong>Available Specialties at This Clinic:<\/strong><\/p><ul><li>Occupational Health<\/li><\/ul>                            <\/div>\r\n\t\t\t\t\t\t\t                            <div class=\"about-author d-flex align-items-center\">\r\n\t\t\t\t\t\t\t\t                                <div class=\"author-ava\">\r\n\t\t\t\t\t\t\t\t\t<img src=\"\" alt=\"\">\r\n                                <\/div>\r\n                                \r\n                                <div class=\"author-desination\">\r\n\t\t\t\t\t\t\t\t\t\t\t\t\t\t\t\t\t\t<h4>Rosalina D. Williamson<\/h4>\r\n\t\t\t\t\t\t\t\t\t\t \r\n\r\n\t\t\t\t\t\t\t\t\t\t\t\t\t\t\t\t\t\t<h6>Founder<\/h6>\r\n\t\t\t\t\t\t\t\t\t\t\r\n                                <\/div>\r\n                            <\/div>\r\n                        <\/div>\r\n                    <\/div>\r\n                <\/div>\r\n            <\/div>\r\n        <\/section>\r\n\t\t\t\r\n\t\t\t<\/div>\n\t\t\t\t<\/div>\n\t\t\t\t\t<\/div>\n\t\t<\/div>\n\t\t\t\t\t\t\t<\/div>\n\t\t<\/section>\n\t\t\t\t<section class=\"elementor-section elementor-top-section elementor-element elementor-element-3985c9d elementor-section-full_width elementor-section-height-default elementor-section-height-default\" data-id=\"3985c9d\" data-element_type=\"section\">\n\t\t\t\t\t\t<div class=\"elementor-container elementor-column-gap-no\">\n\t\t\t\t\t<div class=\"elementor-column elementor-col-100 elementor-top-column elementor-element elementor-element-790c7cf\" data-id=\"790c7cf\" data-element_type=\"column\">\n\t\t\t<div class=\"elementor-widget-wrap elementor-element-populated\">\n\t\t\t\t\t\t\t\t<div class=\"elementor-element elementor-element-f7340f6 elementor-align-left elementor-widget elementor-widget-bdevs-contact-info\" data-id=\"f7340f6\" data-element_type=\"widget\" data-widget_type=\"bdevs-contact-info.default\">\n\t\t\t\t<div class=\"elementor-widget-container\">\n\t\t\t\r\n\t   \t<section class=\"contact-area\">\r\n            <div class=\"container\">\r\n                <div class=\"row\">\r\n\t\t\t\t\t                    <div class=\"col-xl-4 col-lg-4 col-md-4\">\r\n                        <div class=\"contact text-center mb-30\">\r\n                        \t                            \t<i class=\"fas fa-envelope\"><\/i>\r\n                        \t\t\r\n                            \t\t\t\t\t\t\t\t<h3>Email<\/h3>\r\n\t\t\t\t\t\t\t\t\r\n\r\n                            \t\t\t\t\t\t\t\t<p>info@swissclinic.hu<\/p>\r\n\t\t\t\t\t\t\t\t\r\n                        <\/div>\r\n                    <\/div>\r\n                                        <div class=\"col-xl-4 col-lg-4 col-md-4\">\r\n                        <div class=\"contact text-center mb-30\">\r\n                        \t                            \t<i class=\"fas fa-map-marker-alt\"><\/i>\r\n                        \t\t\r\n                            \t\t\t\t\t\t\t\t<h3>Szeged Clinic<\/h3>\r\n\t\t\t\t\t\t\t\t\r\n\r\n                            \t\t\t\t\t\t\t\t<p>Clinic Address:\n6722 Szeged, M\u00e9rey u. 6\/b<\/p>\r\n\t\t\t\t\t\t\t\t\r\n                        <\/div>\r\n                    <\/div>\r\n                                        <div class=\"col-xl-4 col-lg-4 col-md-4\">\r\n                        <div class=\"contact text-center mb-30\">\r\n                        \t                            \t<i class=\"fas fa-phone\"><\/i>\r\n                        \t\t\r\n                            \t\t\t\t\t\t\t\t<h3>Call center<\/h3>\r\n\t\t\t\t\t\t\t\t\r\n\r\n                            \t\t\t\t\t\t\t\t<p>+36 1 225 0566<\/p>\r\n\t\t\t\t\t\t\t\t\r\n                        <\/div>\r\n                    <\/div>\r\n                    \t\r\n                <\/div>\r\n            <\/div>\r\n        <\/section>\r\n        \t\r\n\t\t\t<\/div>\n\t\t\t\t<\/div>\n\t\t\t\t\t<\/div>\n\t\t<\/div>\n\t\t\t\t\t\t\t<\/div>\n\t\t<\/section>\n\t\t\t\t<section class=\"elementor-section elementor-top-section elementor-element elementor-element-dd9fa0c elementor-section-boxed elementor-section-height-default elementor-section-height-default\" data-id=\"dd9fa0c\" data-element_type=\"section\">\n\t\t\t\t\t\t<div class=\"elementor-container elementor-column-gap-no\">\n\t\t\t\t\t<div class=\"elementor-column elementor-col-50 elementor-top-column elementor-element elementor-element-649fa77\" data-id=\"649fa77\" data-element_type=\"column\">\n\t\t\t<div class=\"elementor-widget-wrap elementor-element-populated\">\n\t\t\t\t\t\t\t\t<div class=\"elementor-element elementor-element-2a743d2 elementor-widget elementor-widget-google_maps\" data-id=\"2a743d2\" data-element_type=\"widget\" data-widget_type=\"google_maps.default\">\n\t\t\t\t<div class=\"elementor-widget-container\">\n\t\t\t<style>\/*! elementor - v3.7.8 - 02-10-2022 *\/\n.elementor-widget-google_maps .elementor-widget-container{overflow:hidden}.elementor-widget-google_maps iframe{height:300px}<\/style>\t\t<div class=\"elementor-custom-embed\">\n\t\t\t<iframe frameborder=\"0\" scrolling=\"no\" marginheight=\"0\" marginwidth=\"0\"\n\t\t\t\t\tsrc=\"https:\/\/maps.google.com\/maps?q=6722%20Szeged%2C%20M%C3%A9rey%20u.%206%2Fb&#038;t=m&#038;z=18&#038;output=embed&#038;iwloc=near\"\n\t\t\t\t\ttitle=\"6722 Szeged, M\u00e9rey u. 6\/b\"\n\t\t\t\t\taria-label=\"6722 Szeged, M\u00e9rey u. 6\/b\"\n\t\t\t><\/iframe>\n\t\t<\/div>\n\t\t\t\t<\/div>\n\t\t\t\t<\/div>\n\t\t\t\t\t<\/div>\n\t\t<\/div>\n\t\t\t\t<div class=\"elementor-column elementor-col-50 elementor-top-column elementor-element elementor-element-ab8f8da\" data-id=\"ab8f8da\" data-element_type=\"column\" data-settings=\"{&quot;background_background&quot;:&quot;classic&quot;}\">\n\t\t\t<div class=\"elementor-widget-wrap elementor-element-populated\">\n\t\t\t\t\t\t\t\t<div class=\"elementor-element elementor-element-fdd2205 elementor-view-default elementor-widget elementor-widget-icon\" data-id=\"fdd2205\" data-element_type=\"widget\" data-widget_type=\"icon.default\">\n\t\t\t\t<div class=\"elementor-widget-container\">\n\t\t\t\t\t<div class=\"elementor-icon-wrapper\">\n\t\t\t<div class=\"elementor-icon\">\n\t\t\t<i aria-hidden=\"true\" class=\"fas fa-car-alt\"><\/i>\t\t\t<\/div>\n\t\t<\/div>\n\t\t\t\t<\/div>\n\t\t\t\t<\/div>\n\t\t\t\t<div class=\"elementor-element elementor-element-65fc95b elementor-widget elementor-widget-text-editor\" data-id=\"65fc95b\" data-element_type=\"widget\" data-widget_type=\"text-editor.default\">\n\t\t\t\t<div class=\"elementor-widget-container\">\n\t\t\t<style>\/*! elementor - v3.7.8 - 02-10-2022 *\/\n.elementor-widget-text-editor.elementor-drop-cap-view-stacked .elementor-drop-cap{background-color:#818a91;color:#fff}.elementor-widget-text-editor.elementor-drop-cap-view-framed .elementor-drop-cap{color:#818a91;border:3px solid;background-color:transparent}.elementor-widget-text-editor:not(.elementor-drop-cap-view-default) .elementor-drop-cap{margin-top:8px}.elementor-widget-text-editor:not(.elementor-drop-cap-view-default) .elementor-drop-cap-letter{width:1em;height:1em}.elementor-widget-text-editor .elementor-drop-cap{float:left;text-align:center;line-height:1;font-size:50px}.elementor-widget-text-editor .elementor-drop-cap-letter{display:inline-block}<\/style>\t\t\t\t<p style=\"text-align: center;\"><strong>Parking Information:<\/strong><br \/>We recommend parking in the surrounding streets.<\/p><p style=\"text-align: center;\"><strong>Public Transportation Access:<\/strong><br \/>Trams 3, 3F, and 4 &#8211; Anna-k\u00fat stop<\/p>\t\t\t\t\t\t<\/div>\n\t\t\t\t<\/div>\n\t\t\t\t\t<\/div>\n\t\t<\/div>\n\t\t\t\t\t\t\t<\/div>\n\t\t<\/section>\n\t\t\t\t\t\t\t<\/div>\n\t\t","protected":false},"excerpt":{"rendered":"<p>SZEGED CLINIC 6722 Szeged, M\u00e9rey u. 6\/b At this clinic, we provide occupational health services exclusively. We welcome employees from contracted companies upon prior appointment. Available Specialties at This Clinic: Occupational Health Rosalina D. Williamson Founder Email info@swissclinic.hu Szeged Clinic Clinic Address: 6722 Szeged, M\u00e9rey u. 6\/b Call center +36 1 225 0566 Parking Information:We [&hellip;]<\/p>\n","protected":false},"author":7,"featured_media":0,"parent":0,"menu_order":0,"comment_status":"closed","ping_status":"closed","template":"elementor_header_footer","meta":[],"acf":[],"yoast_head":"<!-- This site is optimized with the Yoast SEO plugin v20.5 - https:\/\/yoast.com\/wordpress\/plugins\/seo\/ -->\n<title>SZEGED CLINIC - Swiss Clinic<\/title>\n<meta name=\"robots\" content=\"index, follow, max-snippet:-1, max-image-preview:large, max-video-preview:-1\" \/>\n<link rel=\"canonical\" href=\"https:\/\/swissclinic.hu\/en\/szeged-clinic\/\" \/>\n<meta property=\"og:locale\" content=\"en_US\" \/>\n<meta property=\"og:type\" content=\"article\" \/>\n<meta property=\"og:title\" content=\"SZEGED CLINIC - Swiss Clinic\" \/>\n<meta property=\"og:description\" content=\"SZEGED CLINIC 6722 Szeged, M\u00e9rey u. 6\/b At this clinic, we provide occupational health services exclusively. We welcome employees from contracted companies upon prior appointment. Available Specialties at This Clinic: Occupational Health Rosalina D. Williamson Founder Email info@swissclinic.hu Szeged Clinic Clinic Address: 6722 Szeged, M\u00e9rey u. 6\/b Call center +36 1 225 0566 Parking Information:We [&hellip;]\" \/>\n<meta property=\"og:url\" content=\"https:\/\/swissclinic.hu\/en\/szeged-clinic\/\" \/>\n<meta property=\"og:site_name\" content=\"Swiss Clinic\" \/>\n<meta property=\"article:publisher\" content=\"https:\/\/www.facebook.com\/swissmedicalservices\/\" \/>\n<meta property=\"article:modified_time\" content=\"2024-10-31T14:38:11+01:00\" \/>\n<meta property=\"og:image\" content=\"https:\/\/swissclinic.hu\/wp-content\/themes\/medidove\/img\/about\/medical-brand-icon-border.png\" \/>\n<meta name=\"twitter:card\" content=\"summary_large_image\" \/>\n<meta name=\"twitter:label1\" content=\"Est. reading time\" \/>\n\t<meta name=\"twitter:data1\" content=\"2 minutes\" \/>\n<script type=\"application\/ld+json\" class=\"yoast-schema-graph\">{\"@context\":\"https:\/\/schema.org\",\"@graph\":[{\"@type\":\"WebPage\",\"@id\":\"https:\/\/swissclinic.hu\/en\/szeged-clinic\/\",\"url\":\"https:\/\/swissclinic.hu\/en\/szeged-clinic\/\",\"name\":\"SZEGED CLINIC - Swiss Clinic\",\"isPartOf\":{\"@id\":\"https:\/\/swissclinic.hu\/#website\"},\"datePublished\":\"2024-08-31T14:33:40+02:00\",\"dateModified\":\"2024-10-31T14:38:11+01:00\",\"breadcrumb\":{\"@id\":\"https:\/\/swissclinic.hu\/en\/szeged-clinic\/#breadcrumb\"},\"inLanguage\":\"en-US\",\"potentialAction\":[{\"@type\":\"ReadAction\",\"target\":[\"https:\/\/swissclinic.hu\/en\/szeged-clinic\/\"]}]},{\"@type\":\"BreadcrumbList\",\"@id\":\"https:\/\/swissclinic.hu\/en\/szeged-clinic\/#breadcrumb\",\"itemListElement\":[{\"@type\":\"ListItem\",\"position\":1,\"name\":\"Kezd\u0151lap\",\"item\":\"https:\/\/swissclinic.hu\/\"},{\"@type\":\"ListItem\",\"position\":2,\"name\":\"SZEGED CLINIC\"}]},{\"@type\":\"WebSite\",\"@id\":\"https:\/\/swissclinic.hu\/#website\",\"url\":\"https:\/\/swissclinic.hu\/\",\"name\":\"Swiss Clinic\",\"description\":\"mag\u00e1nklinika, sz\u0171r\u0151vizsg\u00e1latok\",\"publisher\":{\"@id\":\"https:\/\/swissclinic.hu\/#organization\"},\"potentialAction\":[{\"@type\":\"SearchAction\",\"target\":{\"@type\":\"EntryPoint\",\"urlTemplate\":\"https:\/\/swissclinic.hu\/?s={search_term_string}\"},\"query-input\":\"required name=search_term_string\"}],\"inLanguage\":\"en-US\"},{\"@type\":\"Organization\",\"@id\":\"https:\/\/swissclinic.hu\/#organization\",\"name\":\"Swiss Clinic\",\"url\":\"https:\/\/swissclinic.hu\/\",\"logo\":{\"@type\":\"ImageObject\",\"inLanguage\":\"en-US\",\"@id\":\"https:\/\/swissclinic.hu\/#\/schema\/logo\/image\/\",\"url\":\"https:\/\/swissclinic.hu\/wp-content\/uploads\/2023\/04\/logo_4x1.png\",\"contentUrl\":\"https:\/\/swissclinic.hu\/wp-content\/uploads\/2023\/04\/logo_4x1.png\",\"width\":360,\"height\":90,\"caption\":\"Swiss Clinic\"},\"image\":{\"@id\":\"https:\/\/swissclinic.hu\/#\/schema\/logo\/image\/\"},\"sameAs\":[\"https:\/\/www.facebook.com\/swissmedicalservices\/\"]}]}<\/script>\n<!-- \/ Yoast SEO plugin. -->","yoast_head_json":{"title":"SZEGED CLINIC - Swiss Clinic","robots":{"index":"index","follow":"follow","max-snippet":"max-snippet:-1","max-image-preview":"max-image-preview:large","max-video-preview":"max-video-preview:-1"},"canonical":"https:\/\/swissclinic.hu\/en\/szeged-clinic\/","og_locale":"en_US","og_type":"article","og_title":"SZEGED CLINIC - Swiss Clinic","og_description":"SZEGED CLINIC 6722 Szeged, M\u00e9rey u. 6\/b At this clinic, we provide occupational health services exclusively. We welcome employees from contracted companies upon prior appointment. Available Specialties at This Clinic: Occupational Health Rosalina D. Williamson Founder Email info@swissclinic.hu Szeged Clinic Clinic Address: 6722 Szeged, M\u00e9rey u. 6\/b Call center +36 1 225 0566 Parking Information:We [&hellip;]","og_url":"https:\/\/swissclinic.hu\/en\/szeged-clinic\/","og_site_name":"Swiss Clinic","article_publisher":"https:\/\/www.facebook.com\/swissmedicalservices\/","article_modified_time":"2024-10-31T14:38:11+01:00","og_image":[{"url":"https:\/\/swissclinic.hu\/wp-content\/themes\/medidove\/img\/about\/medical-brand-icon-border.png"}],"twitter_card":"summary_large_image","twitter_misc":{"Est. reading time":"2 minutes"},"schema":{"@context":"https:\/\/schema.org","@graph":[{"@type":"WebPage","@id":"https:\/\/swissclinic.hu\/en\/szeged-clinic\/","url":"https:\/\/swissclinic.hu\/en\/szeged-clinic\/","name":"SZEGED CLINIC - Swiss Clinic","isPartOf":{"@id":"https:\/\/swissclinic.hu\/#website"},"datePublished":"2024-08-31T14:33:40+02:00","dateModified":"2024-10-31T14:38:11+01:00","breadcrumb":{"@id":"https:\/\/swissclinic.hu\/en\/szeged-clinic\/#breadcrumb"},"inLanguage":"en-US","potentialAction":[{"@type":"ReadAction","target":["https:\/\/swissclinic.hu\/en\/szeged-clinic\/"]}]},{"@type":"BreadcrumbList","@id":"https:\/\/swissclinic.hu\/en\/szeged-clinic\/#breadcrumb","itemListElement":[{"@type":"ListItem","position":1,"name":"Kezd\u0151lap","item":"https:\/\/swissclinic.hu\/"},{"@type":"ListItem","position":2,"name":"SZEGED CLINIC"}]},{"@type":"WebSite","@id":"https:\/\/swissclinic.hu\/#website","url":"https:\/\/swissclinic.hu\/","name":"Swiss Clinic","description":"mag\u00e1nklinika, sz\u0171r\u0151vizsg\u00e1latok","publisher":{"@id":"https:\/\/swissclinic.hu\/#organization"},"potentialAction":[{"@type":"SearchAction","target":{"@type":"EntryPoint","urlTemplate":"https:\/\/swissclinic.hu\/?s={search_term_string}"},"query-input":"required name=search_term_string"}],"inLanguage":"en-US"},{"@type":"Organization","@id":"https:\/\/swissclinic.hu\/#organization","name":"Swiss Clinic","url":"https:\/\/swissclinic.hu\/","logo":{"@type":"ImageObject","inLanguage":"en-US","@id":"https:\/\/swissclinic.hu\/#\/schema\/logo\/image\/","url":"https:\/\/swissclinic.hu\/wp-content\/uploads\/2023\/04\/logo_4x1.png","contentUrl":"https:\/\/swissclinic.hu\/wp-content\/uploads\/2023\/04\/logo_4x1.png","width":360,"height":90,"caption":"Swiss Clinic"},"image":{"@id":"https:\/\/swissclinic.hu\/#\/schema\/logo\/image\/"},"sameAs":["https:\/\/www.facebook.com\/swissmedicalservices\/"]}]}},"_links":{"self":[{"href":"https:\/\/swissclinic.hu\/en\/wp-json\/wp\/v2\/pages\/16472"}],"collection":[{"href":"https:\/\/swissclinic.hu\/en\/wp-json\/wp\/v2\/pages"}],"about":[{"href":"https:\/\/swissclinic.hu\/en\/wp-json\/wp\/v2\/types\/page"}],"author":[{"embeddable":true,"href":"https:\/\/swissclinic.hu\/en\/wp-json\/wp\/v2\/users\/7"}],"replies":[{"embeddable":true,"href":"https:\/\/swissclinic.hu\/en\/wp-json\/wp\/v2\/comments?post=16472"}],"version-history":[{"count":0,"href":"https:\/\/swissclinic.hu\/en\/wp-json\/wp\/v2\/pages\/16472\/revisions"}],"wp:attachment":[{"href":"https:\/\/swissclinic.hu\/en\/wp-json\/wp\/v2\/media?parent=16472"}],"curies":[{"name":"wp","href":"https:\/\/api.w.org\/{rel}","templated":true}]}}