{"id":16431,"date":"2024-08-31T13:49:36","date_gmt":"2024-08-31T13:49:36","guid":{"rendered":"https:\/\/swissclinic.hu\/?page_id=16431"},"modified":"2024-10-31T13:55:59","modified_gmt":"2024-10-31T13:55:59","slug":"first-aid-training","status":"publish","type":"page","link":"https:\/\/swissclinic.hu\/en\/first-aid-training\/","title":{"rendered":"First Aid Training"},"content":{"rendered":"\t\t<div data-elementor-type=\"wp-page\" data-elementor-id=\"16431\" class=\"elementor elementor-16431\">\n\t\t\t\t\t\t\t\t\t<section class=\"elementor-section elementor-top-section elementor-element elementor-element-830446b elementor-section-full_width elementor-section-stretched elementor-section-height-default elementor-section-height-default\" data-id=\"830446b\" data-element_type=\"section\" data-settings=\"{&quot;background_background&quot;:&quot;classic&quot;,&quot;stretch_section&quot;:&quot;section-stretched&quot;}\">\n\t\t\t\t\t\t\t<div class=\"elementor-background-overlay\"><\/div>\n\t\t\t\t\t\t\t<div class=\"elementor-container elementor-column-gap-default\">\n\t\t\t\t\t<div class=\"elementor-column elementor-col-100 elementor-top-column elementor-element elementor-element-3c8f5e0\" data-id=\"3c8f5e0\" data-element_type=\"column\">\n\t\t\t<div class=\"elementor-widget-wrap elementor-element-populated\">\n\t\t\t\t\t\t\t\t<div class=\"elementor-element elementor-element-37164b1 elementor-widget elementor-widget-heading\" data-id=\"37164b1\" data-element_type=\"widget\" data-widget_type=\"heading.default\">\n\t\t\t\t<div class=\"elementor-widget-container\">\n\t\t\t<style>\/*! elementor - v3.7.8 - 02-10-2022 *\/\n.elementor-heading-title{padding:0;margin:0;line-height:1}.elementor-widget-heading .elementor-heading-title[class*=elementor-size-]>a{color:inherit;font-size:inherit;line-height:inherit}.elementor-widget-heading .elementor-heading-title.elementor-size-small{font-size:15px}.elementor-widget-heading .elementor-heading-title.elementor-size-medium{font-size:19px}.elementor-widget-heading .elementor-heading-title.elementor-size-large{font-size:29px}.elementor-widget-heading .elementor-heading-title.elementor-size-xl{font-size:39px}.elementor-widget-heading .elementor-heading-title.elementor-size-xxl{font-size:59px}<\/style><h2 class=\"elementor-heading-title elementor-size-default\">First Aid Training<\/h2>\t\t<\/div>\n\t\t\t\t<\/div>\n\t\t\t\t\t<\/div>\n\t\t<\/div>\n\t\t\t\t\t\t\t<\/div>\n\t\t<\/section>\n\t\t\t\t<section class=\"elementor-section elementor-top-section elementor-element elementor-element-9b38812 elementor-section-full_width elementor-section-stretched elementor-section-height-default elementor-section-height-default\" data-id=\"9b38812\" data-element_type=\"section\" data-settings=\"{&quot;stretch_section&quot;:&quot;section-stretched&quot;}\">\n\t\t\t\t\t\t<div class=\"elementor-container elementor-column-gap-no\">\n\t\t\t\t\t<div class=\"elementor-column elementor-col-100 elementor-top-column elementor-element elementor-element-28e31f1\" data-id=\"28e31f1\" data-element_type=\"column\">\n\t\t\t<div class=\"elementor-widget-wrap elementor-element-populated\">\n\t\t\t\t\t\t\t\t<div class=\"elementor-element elementor-element-b1f5900 elementor-align-left elementor-widget elementor-widget-bdevs-about\" data-id=\"b1f5900\" data-element_type=\"widget\" data-widget_type=\"bdevs-about.default\">\n\t\t\t\t<div class=\"elementor-widget-container\">\n\t\t\t        <section class=\"about-area\">\r\n            <div class=\"container\">\r\n                <div class=\"row\">\r\n                    <div class=\"col-xl-6 col-lg-5\">\r\n                    \t                        <div class=\"medical-icon-brand-2\">\r\n                        \t<img src=\"https:\/\/swissclinic.hu\/wp-content\/themes\/medidove\/img\/about\/medical-brand-icon-border.png\" alt=\"\">\r\n                        <\/div>\r\n                                                <div class=\"about-left-side pos-rel mb-30\">\r\n                            <div class=\"about-front-img\">\r\n                                \t\t\t\t\t\t\t\t   <img src=\"https:\/\/swissclinic.hu\/wp-content\/uploads\/2022\/11\/nagy2e.jpg\" alt=\"\">\r\n\t\t\t\t\t\t\t\t                            <\/div>\r\n\r\n                                                        <div class=\"about-shape\">\r\n                                <img src=\"https:\/\/swissclinic.hu\/wp-content\/themes\/medidove\/img\/about\/about-shape.png\" alt=\"\">\r\n                            <\/div>\r\n                        \t                        <\/div>\r\n                    <\/div>\r\n                    <div class=\"col-xl-6 col-lg-7\">\r\n                        <div class=\"about-right-side tp-el-content pt-55 mb-30\">\r\n                            <div class=\"about-title mb-20\">\r\n\t\t\t\t\t\t\t\t\t \r\n\r\n\t\t\t\t\t\t\t\t\t\t\t\t\t\t\t\t<h2 class=\"sec-title tp-el-title\">First Aid Courses<\/h2>\r\n\t\t\t\t\t\t\t\t\t\r\n                            <\/div>\r\n                            <div class=\"about-text\">\r\n                               <p>We regularly organize first aid courses for our partners, delivering approximately 300 courses annually for companies such as E-On, Tesco, and the Hungarian Post. We provide both introductory and refresher courses, all in compliance with the 3\/2002 (II.8) SZCSM-E\u00fcM joint regulation.<\/p><p>Each course lasts 4 hours, divided into 2 hours of theory and 2 hours of hands-on practice. In the practical session, we cover CPR, wound dressing, and the use of a defibrillator. At the end of the training, participants take a test, and those who pass receive a certificate.<\/p><p>The course material includes recognizing emergencies, TRIAGE, calling for help, initiating care (ABCD), and using semi-automatic and automatic defibrillators. It also covers positioning, dressing wounds, and ensuring airway management.<\/p>                            <\/div>\r\n\t\t\t\t\t\t\t                            <div class=\"about-author d-flex align-items-center\">\r\n\t\t\t\t\t\t\t\t                                <div class=\"author-ava\">\r\n\t\t\t\t\t\t\t\t\t<img src=\"\" alt=\"\">\r\n                                <\/div>\r\n                                \r\n                                <div class=\"author-desination\">\r\n\t\t\t\t\t\t\t\t\t\t \r\n\r\n\t\t\t\t\t\t\t\t\t\t\r\n                                <\/div>\r\n                            <\/div>\r\n                        <\/div>\r\n                    <\/div>\r\n                <\/div>\r\n            <\/div>\r\n        <\/section>\r\n\t\t\t\r\n\t\t\t<\/div>\n\t\t\t\t<\/div>\n\t\t\t\t\t<\/div>\n\t\t<\/div>\n\t\t\t\t\t\t\t<\/div>\n\t\t<\/section>\n\t\t\t\t<section class=\"elementor-section elementor-top-section elementor-element elementor-element-90e354b elementor-section-boxed elementor-section-height-default elementor-section-height-default\" data-id=\"90e354b\" data-element_type=\"section\">\n\t\t\t\t\t\t<div class=\"elementor-container elementor-column-gap-default\">\n\t\t\t\t\t<div class=\"elementor-column elementor-col-100 elementor-top-column elementor-element elementor-element-0632fa8\" data-id=\"0632fa8\" data-element_type=\"column\">\n\t\t\t<div class=\"elementor-widget-wrap elementor-element-populated\">\n\t\t\t\t\t\t\t\t<div class=\"elementor-element elementor-element-8da90a0 elementor-widget elementor-widget-text-editor\" data-id=\"8da90a0\" data-element_type=\"widget\" data-widget_type=\"text-editor.default\">\n\t\t\t\t<div class=\"elementor-widget-container\">\n\t\t\t<style>\/*! elementor - v3.7.8 - 02-10-2022 *\/\n.elementor-widget-text-editor.elementor-drop-cap-view-stacked .elementor-drop-cap{background-color:#818a91;color:#fff}.elementor-widget-text-editor.elementor-drop-cap-view-framed .elementor-drop-cap{color:#818a91;border:3px solid;background-color:transparent}.elementor-widget-text-editor:not(.elementor-drop-cap-view-default) .elementor-drop-cap{margin-top:8px}.elementor-widget-text-editor:not(.elementor-drop-cap-view-default) .elementor-drop-cap-letter{width:1em;height:1em}.elementor-widget-text-editor .elementor-drop-cap{float:left;text-align:center;line-height:1;font-size:50px}.elementor-widget-text-editor .elementor-drop-cap-letter{display:inline-block}<\/style>\t\t\t\t<p>Before organizing a course, we consult on the required number of first aid personnel and provide them with practical, skills-based training. The training is conducted by an experienced paramedic, who uses real-life examples to illustrate and demonstrate topics such as:<\/p><ul><li>General overview of first aid; importance and basics<\/li><li>Structure of healthcare systems<\/li><li>Categorization of locations and potential hazards<\/li><li>Assessing the condition of a patient\/injured person<\/li><li>Evaluating consciousness<\/li><li>Securing an open airway<\/li><li>Breathing assistance<\/li><li>Care for an unconscious patient<\/li><li>Practical training on stable side positioning<\/li><li>Basic Life Support \u2013 chest compressions (practical training)<\/li><li>Automated defibrillator use (practical training)<\/li><li>Hands-on practice with mannequins and simulations of real-life scenarios: electric shock, fractures, choking, unconsciousness, allergies, etc.<\/li><\/ul><p>First Aid Topics:<\/p><ul><li>Airway obstruction removal<\/li><li>Assistance for patients with breathing difficulties<\/li><li>Internal and external bleeding<\/li><li>Circulatory issues<\/li><li>Neurological conditions<\/li><li>Stroke management<\/li><li>Altered mental states<\/li><li>Diabetes management<\/li><li>Seizures with loss of consciousness<\/li><li>Pain management<\/li><\/ul><p>If you are a contracted partner and wish to arrange a first aid course, please contact your designated account representative.<\/p>\t\t\t\t\t\t<\/div>\n\t\t\t\t<\/div>\n\t\t\t\t\t<\/div>\n\t\t<\/div>\n\t\t\t\t\t\t\t<\/div>\n\t\t<\/section>\n\t\t\t\t\t\t\t<\/div>\n\t\t","protected":false},"excerpt":{"rendered":"<p>First Aid Training First Aid Courses We regularly organize first aid courses for our partners, delivering approximately 300 courses annually for companies such as E-On, Tesco, and the Hungarian Post. We provide both introductory and refresher courses, all in compliance with the 3\/2002 (II.8) SZCSM-E\u00fcM joint regulation. Each course lasts 4 hours, divided into 2 [&hellip;]<\/p>\n","protected":false},"author":7,"featured_media":0,"parent":0,"menu_order":0,"comment_status":"closed","ping_status":"closed","template":"","meta":[],"acf":[],"yoast_head":"<!-- This site is optimized with the Yoast SEO plugin v20.5 - https:\/\/yoast.com\/wordpress\/plugins\/seo\/ -->\n<title>First Aid Training - Swiss Clinic<\/title>\n<meta name=\"robots\" content=\"index, follow, max-snippet:-1, max-image-preview:large, max-video-preview:-1\" \/>\n<link rel=\"canonical\" href=\"https:\/\/swissclinic.hu\/en\/first-aid-training\/\" \/>\n<meta property=\"og:locale\" content=\"en_US\" \/>\n<meta property=\"og:type\" content=\"article\" \/>\n<meta property=\"og:title\" content=\"First Aid Training - Swiss Clinic\" \/>\n<meta property=\"og:description\" content=\"First Aid Training First Aid Courses We regularly organize first aid courses for our partners, delivering approximately 300 courses annually for companies such as E-On, Tesco, and the Hungarian Post. We provide both introductory and refresher courses, all in compliance with the 3\/2002 (II.8) SZCSM-E\u00fcM joint regulation. Each course lasts 4 hours, divided into 2 [&hellip;]\" \/>\n<meta property=\"og:url\" content=\"https:\/\/swissclinic.hu\/en\/first-aid-training\/\" \/>\n<meta property=\"og:site_name\" content=\"Swiss Clinic\" \/>\n<meta property=\"article:publisher\" content=\"https:\/\/www.facebook.com\/swissmedicalservices\/\" \/>\n<meta property=\"article:modified_time\" content=\"2024-10-31T13:55:59+01:00\" \/>\n<meta property=\"og:image\" content=\"https:\/\/swissclinic.hu\/wp-content\/themes\/medidove\/img\/about\/medical-brand-icon-border.png\" \/>\n<meta name=\"twitter:card\" content=\"summary_large_image\" \/>\n<script type=\"application\/ld+json\" class=\"yoast-schema-graph\">{\"@context\":\"https:\/\/schema.org\",\"@graph\":[{\"@type\":\"WebPage\",\"@id\":\"https:\/\/swissclinic.hu\/en\/first-aid-training\/\",\"url\":\"https:\/\/swissclinic.hu\/en\/first-aid-training\/\",\"name\":\"First Aid Training - Swiss Clinic\",\"isPartOf\":{\"@id\":\"https:\/\/swissclinic.hu\/#website\"},\"datePublished\":\"2024-08-31T13:49:36+02:00\",\"dateModified\":\"2024-10-31T13:55:59+01:00\",\"breadcrumb\":{\"@id\":\"https:\/\/swissclinic.hu\/en\/first-aid-training\/#breadcrumb\"},\"inLanguage\":\"en-US\",\"potentialAction\":[{\"@type\":\"ReadAction\",\"target\":[\"https:\/\/swissclinic.hu\/en\/first-aid-training\/\"]}]},{\"@type\":\"BreadcrumbList\",\"@id\":\"https:\/\/swissclinic.hu\/en\/first-aid-training\/#breadcrumb\",\"itemListElement\":[{\"@type\":\"ListItem\",\"position\":1,\"name\":\"Kezd\u0151lap\",\"item\":\"https:\/\/swissclinic.hu\/\"},{\"@type\":\"ListItem\",\"position\":2,\"name\":\"First Aid Training\"}]},{\"@type\":\"WebSite\",\"@id\":\"https:\/\/swissclinic.hu\/#website\",\"url\":\"https:\/\/swissclinic.hu\/\",\"name\":\"Swiss Clinic\",\"description\":\"mag\u00e1nklinika, sz\u0171r\u0151vizsg\u00e1latok\",\"publisher\":{\"@id\":\"https:\/\/swissclinic.hu\/#organization\"},\"potentialAction\":[{\"@type\":\"SearchAction\",\"target\":{\"@type\":\"EntryPoint\",\"urlTemplate\":\"https:\/\/swissclinic.hu\/?s={search_term_string}\"},\"query-input\":\"required name=search_term_string\"}],\"inLanguage\":\"en-US\"},{\"@type\":\"Organization\",\"@id\":\"https:\/\/swissclinic.hu\/#organization\",\"name\":\"Swiss Clinic\",\"url\":\"https:\/\/swissclinic.hu\/\",\"logo\":{\"@type\":\"ImageObject\",\"inLanguage\":\"en-US\",\"@id\":\"https:\/\/swissclinic.hu\/#\/schema\/logo\/image\/\",\"url\":\"https:\/\/swissclinic.hu\/wp-content\/uploads\/2023\/04\/logo_4x1.png\",\"contentUrl\":\"https:\/\/swissclinic.hu\/wp-content\/uploads\/2023\/04\/logo_4x1.png\",\"width\":360,\"height\":90,\"caption\":\"Swiss Clinic\"},\"image\":{\"@id\":\"https:\/\/swissclinic.hu\/#\/schema\/logo\/image\/\"},\"sameAs\":[\"https:\/\/www.facebook.com\/swissmedicalservices\/\"]}]}<\/script>\n<!-- \/ Yoast SEO plugin. -->","yoast_head_json":{"title":"First Aid Training - Swiss Clinic","robots":{"index":"index","follow":"follow","max-snippet":"max-snippet:-1","max-image-preview":"max-image-preview:large","max-video-preview":"max-video-preview:-1"},"canonical":"https:\/\/swissclinic.hu\/en\/first-aid-training\/","og_locale":"en_US","og_type":"article","og_title":"First Aid Training - Swiss Clinic","og_description":"First Aid Training First Aid Courses We regularly organize first aid courses for our partners, delivering approximately 300 courses annually for companies such as E-On, Tesco, and the Hungarian Post. We provide both introductory and refresher courses, all in compliance with the 3\/2002 (II.8) SZCSM-E\u00fcM joint regulation. Each course lasts 4 hours, divided into 2 [&hellip;]","og_url":"https:\/\/swissclinic.hu\/en\/first-aid-training\/","og_site_name":"Swiss Clinic","article_publisher":"https:\/\/www.facebook.com\/swissmedicalservices\/","article_modified_time":"2024-10-31T13:55:59+01:00","og_image":[{"url":"https:\/\/swissclinic.hu\/wp-content\/themes\/medidove\/img\/about\/medical-brand-icon-border.png"}],"twitter_card":"summary_large_image","schema":{"@context":"https:\/\/schema.org","@graph":[{"@type":"WebPage","@id":"https:\/\/swissclinic.hu\/en\/first-aid-training\/","url":"https:\/\/swissclinic.hu\/en\/first-aid-training\/","name":"First Aid Training - Swiss Clinic","isPartOf":{"@id":"https:\/\/swissclinic.hu\/#website"},"datePublished":"2024-08-31T13:49:36+02:00","dateModified":"2024-10-31T13:55:59+01:00","breadcrumb":{"@id":"https:\/\/swissclinic.hu\/en\/first-aid-training\/#breadcrumb"},"inLanguage":"en-US","potentialAction":[{"@type":"ReadAction","target":["https:\/\/swissclinic.hu\/en\/first-aid-training\/"]}]},{"@type":"BreadcrumbList","@id":"https:\/\/swissclinic.hu\/en\/first-aid-training\/#breadcrumb","itemListElement":[{"@type":"ListItem","position":1,"name":"Kezd\u0151lap","item":"https:\/\/swissclinic.hu\/"},{"@type":"ListItem","position":2,"name":"First Aid Training"}]},{"@type":"WebSite","@id":"https:\/\/swissclinic.hu\/#website","url":"https:\/\/swissclinic.hu\/","name":"Swiss Clinic","description":"mag\u00e1nklinika, sz\u0171r\u0151vizsg\u00e1latok","publisher":{"@id":"https:\/\/swissclinic.hu\/#organization"},"potentialAction":[{"@type":"SearchAction","target":{"@type":"EntryPoint","urlTemplate":"https:\/\/swissclinic.hu\/?s={search_term_string}"},"query-input":"required name=search_term_string"}],"inLanguage":"en-US"},{"@type":"Organization","@id":"https:\/\/swissclinic.hu\/#organization","name":"Swiss Clinic","url":"https:\/\/swissclinic.hu\/","logo":{"@type":"ImageObject","inLanguage":"en-US","@id":"https:\/\/swissclinic.hu\/#\/schema\/logo\/image\/","url":"https:\/\/swissclinic.hu\/wp-content\/uploads\/2023\/04\/logo_4x1.png","contentUrl":"https:\/\/swissclinic.hu\/wp-content\/uploads\/2023\/04\/logo_4x1.png","width":360,"height":90,"caption":"Swiss Clinic"},"image":{"@id":"https:\/\/swissclinic.hu\/#\/schema\/logo\/image\/"},"sameAs":["https:\/\/www.facebook.com\/swissmedicalservices\/"]}]}},"_links":{"self":[{"href":"https:\/\/swissclinic.hu\/en\/wp-json\/wp\/v2\/pages\/16431"}],"collection":[{"href":"https:\/\/swissclinic.hu\/en\/wp-json\/wp\/v2\/pages"}],"about":[{"href":"https:\/\/swissclinic.hu\/en\/wp-json\/wp\/v2\/types\/page"}],"author":[{"embeddable":true,"href":"https:\/\/swissclinic.hu\/en\/wp-json\/wp\/v2\/users\/7"}],"replies":[{"embeddable":true,"href":"https:\/\/swissclinic.hu\/en\/wp-json\/wp\/v2\/comments?post=16431"}],"version-history":[{"count":0,"href":"https:\/\/swissclinic.hu\/en\/wp-json\/wp\/v2\/pages\/16431\/revisions"}],"wp:attachment":[{"href":"https:\/\/swissclinic.hu\/en\/wp-json\/wp\/v2\/media?parent=16431"}],"curies":[{"name":"wp","href":"https:\/\/api.w.org\/{rel}","templated":true}]}}