{"id":16425,"date":"2024-08-31T13:43:28","date_gmt":"2024-08-31T13:43:28","guid":{"rendered":"https:\/\/swissclinic.hu\/?page_id=16425"},"modified":"2024-10-31T13:46:45","modified_gmt":"2024-10-31T13:46:45","slug":"health-days","status":"publish","type":"page","link":"https:\/\/swissclinic.hu\/en\/health-days\/","title":{"rendered":"Health Days"},"content":{"rendered":"\t\t<div data-elementor-type=\"wp-page\" data-elementor-id=\"16425\" class=\"elementor elementor-16425\">\n\t\t\t\t\t\t\t\t\t<section class=\"elementor-section elementor-top-section elementor-element elementor-element-80555e4 elementor-section-full_width elementor-section-stretched elementor-section-height-default elementor-section-height-default\" data-id=\"80555e4\" data-element_type=\"section\" data-settings=\"{&quot;background_background&quot;:&quot;classic&quot;,&quot;stretch_section&quot;:&quot;section-stretched&quot;}\">\n\t\t\t\t\t\t\t<div class=\"elementor-background-overlay\"><\/div>\n\t\t\t\t\t\t\t<div class=\"elementor-container elementor-column-gap-default\">\n\t\t\t\t\t<div class=\"elementor-column elementor-col-100 elementor-top-column elementor-element elementor-element-94510c9\" data-id=\"94510c9\" data-element_type=\"column\">\n\t\t\t<div class=\"elementor-widget-wrap elementor-element-populated\">\n\t\t\t\t\t\t\t\t<div class=\"elementor-element elementor-element-8731c72 elementor-widget elementor-widget-heading\" data-id=\"8731c72\" data-element_type=\"widget\" data-widget_type=\"heading.default\">\n\t\t\t\t<div class=\"elementor-widget-container\">\n\t\t\t<style>\/*! elementor - v3.7.8 - 02-10-2022 *\/\n.elementor-heading-title{padding:0;margin:0;line-height:1}.elementor-widget-heading .elementor-heading-title[class*=elementor-size-]>a{color:inherit;font-size:inherit;line-height:inherit}.elementor-widget-heading .elementor-heading-title.elementor-size-small{font-size:15px}.elementor-widget-heading .elementor-heading-title.elementor-size-medium{font-size:19px}.elementor-widget-heading .elementor-heading-title.elementor-size-large{font-size:29px}.elementor-widget-heading .elementor-heading-title.elementor-size-xl{font-size:39px}.elementor-widget-heading .elementor-heading-title.elementor-size-xxl{font-size:59px}<\/style><h2 class=\"elementor-heading-title elementor-size-default\">HEALTH DAYS<\/h2>\t\t<\/div>\n\t\t\t\t<\/div>\n\t\t\t\t\t<\/div>\n\t\t<\/div>\n\t\t\t\t\t\t\t<\/div>\n\t\t<\/section>\n\t\t\t\t<section class=\"elementor-section elementor-top-section elementor-element elementor-element-bc2b786 elementor-section-full_width elementor-section-stretched elementor-section-height-default elementor-section-height-default\" data-id=\"bc2b786\" data-element_type=\"section\" data-settings=\"{&quot;stretch_section&quot;:&quot;section-stretched&quot;}\">\n\t\t\t\t\t\t<div class=\"elementor-container elementor-column-gap-no\">\n\t\t\t\t\t<div class=\"elementor-column elementor-col-100 elementor-top-column elementor-element elementor-element-255ee32\" data-id=\"255ee32\" data-element_type=\"column\">\n\t\t\t<div class=\"elementor-widget-wrap elementor-element-populated\">\n\t\t\t\t\t\t\t\t<div class=\"elementor-element elementor-element-6fd0cfe elementor-align-left elementor-widget elementor-widget-bdevs-about\" data-id=\"6fd0cfe\" data-element_type=\"widget\" data-widget_type=\"bdevs-about.default\">\n\t\t\t\t<div class=\"elementor-widget-container\">\n\t\t\t        <section class=\"about-area\">\r\n            <div class=\"container\">\r\n                <div class=\"row\">\r\n                    <div class=\"col-xl-6 col-lg-5\">\r\n                    \t                        <div class=\"medical-icon-brand-2\">\r\n                        \t<img src=\"https:\/\/swissclinic.hu\/wp-content\/themes\/medidove\/img\/about\/medical-brand-icon-border.png\" alt=\"\">\r\n                        <\/div>\r\n                                                <div class=\"about-left-side pos-rel mb-30\">\r\n                            <div class=\"about-front-img\">\r\n                                \t\t\t\t\t\t\t\t   <img src=\"https:\/\/swissclinic.hu\/wp-content\/uploads\/2022\/11\/nagy2e.jpg\" alt=\"\">\r\n\t\t\t\t\t\t\t\t                            <\/div>\r\n\r\n                                                        <div class=\"about-shape\">\r\n                                <img src=\"https:\/\/swissclinic.hu\/wp-content\/themes\/medidove\/img\/about\/about-shape.png\" alt=\"\">\r\n                            <\/div>\r\n                        \t                        <\/div>\r\n                    <\/div>\r\n                    <div class=\"col-xl-6 col-lg-7\">\r\n                        <div class=\"about-right-side tp-el-content pt-55 mb-30\">\r\n                            <div class=\"about-title mb-20\">\r\n\t\t\t\t\t\t\t\t\t \r\n\r\n\t\t\t\t\t\t\t\t\t\t\t\t\t\t\t\t<h2 class=\"sec-title tp-el-title\">We Provide Medical Coverage for Events!<\/h2>\r\n\t\t\t\t\t\t\t\t\t\r\n                            <\/div>\r\n                            <div class=\"about-text\">\r\n                               <p>We offer medical coverage for health days, conferences, family days, team-building and sports events, festivals and concerts, and corporate events!<\/p><p>The success of an event relies on the perfect coordination of every detail in planning and execution!<\/p><p>Medical coverage for events includes on-site readiness and medical intervention if necessary. We can provide advanced standby services for any event or conference where medical intervention may be required.<\/p><p>In addition to the right venue, programs, and excellent culinary services, quality supplementary services contribute to the success of the event.<\/p><p>As an additional service, we offer our screening truck, equipped to support a Health Day with medical fitness assessments, preventive medical screenings (e.g., bicycle stress tests, arteriography, bone density measurement, mobile abdominal\/neck ultrasound, stress assessment, headache evaluation, nutritional counseling, musculoskeletal examinations, and more).<\/p>                            <\/div>\r\n\t\t\t\t\t\t\t                            <div class=\"about-author d-flex align-items-center\">\r\n\t\t\t\t\t\t\t\t                                <div class=\"author-ava\">\r\n\t\t\t\t\t\t\t\t\t<img src=\"\" alt=\"\">\r\n                                <\/div>\r\n                                \r\n                                <div class=\"author-desination\">\r\n\t\t\t\t\t\t\t\t\t\t \r\n\r\n\t\t\t\t\t\t\t\t\t\t\r\n                                <\/div>\r\n                            <\/div>\r\n                        <\/div>\r\n                    <\/div>\r\n                <\/div>\r\n            <\/div>\r\n        <\/section>\r\n\t\t\t\r\n\t\t\t<\/div>\n\t\t\t\t<\/div>\n\t\t\t\t\t<\/div>\n\t\t<\/div>\n\t\t\t\t\t\t\t<\/div>\n\t\t<\/section>\n\t\t\t\t\t\t\t<\/div>\n\t\t","protected":false},"excerpt":{"rendered":"<p>HEALTH DAYS We Provide Medical Coverage for Events! We offer medical coverage for health days, conferences, family days, team-building and sports events, festivals and concerts, and corporate events! The success of an event relies on the perfect coordination of every detail in planning and execution! Medical coverage for events includes on-site readiness and medical intervention [&hellip;]<\/p>\n","protected":false},"author":7,"featured_media":0,"parent":0,"menu_order":0,"comment_status":"closed","ping_status":"closed","template":"","meta":[],"acf":[],"yoast_head":"<!-- This site is optimized with the Yoast SEO plugin v20.5 - https:\/\/yoast.com\/wordpress\/plugins\/seo\/ -->\n<title>Health Days - Swiss Clinic<\/title>\n<meta name=\"robots\" content=\"index, follow, max-snippet:-1, max-image-preview:large, max-video-preview:-1\" \/>\n<link rel=\"canonical\" href=\"https:\/\/swissclinic.hu\/en\/health-days\/\" \/>\n<meta property=\"og:locale\" content=\"en_US\" \/>\n<meta property=\"og:type\" content=\"article\" \/>\n<meta property=\"og:title\" content=\"Health Days - Swiss Clinic\" \/>\n<meta property=\"og:description\" content=\"HEALTH DAYS We Provide Medical Coverage for Events! We offer medical coverage for health days, conferences, family days, team-building and sports events, festivals and concerts, and corporate events! The success of an event relies on the perfect coordination of every detail in planning and execution! Medical coverage for events includes on-site readiness and medical intervention [&hellip;]\" \/>\n<meta property=\"og:url\" content=\"https:\/\/swissclinic.hu\/en\/health-days\/\" \/>\n<meta property=\"og:site_name\" content=\"Swiss Clinic\" \/>\n<meta property=\"article:publisher\" content=\"https:\/\/www.facebook.com\/swissmedicalservices\/\" \/>\n<meta property=\"article:modified_time\" content=\"2024-10-31T13:46:45+01:00\" \/>\n<meta property=\"og:image\" content=\"https:\/\/swissclinic.hu\/wp-content\/themes\/medidove\/img\/about\/medical-brand-icon-border.png\" \/>\n<meta name=\"twitter:card\" content=\"summary_large_image\" \/>\n<meta name=\"twitter:label1\" content=\"Est. reading time\" \/>\n\t<meta name=\"twitter:data1\" content=\"2 minutes\" \/>\n<script type=\"application\/ld+json\" class=\"yoast-schema-graph\">{\"@context\":\"https:\/\/schema.org\",\"@graph\":[{\"@type\":\"WebPage\",\"@id\":\"https:\/\/swissclinic.hu\/en\/health-days\/\",\"url\":\"https:\/\/swissclinic.hu\/en\/health-days\/\",\"name\":\"Health Days - Swiss Clinic\",\"isPartOf\":{\"@id\":\"https:\/\/swissclinic.hu\/#website\"},\"datePublished\":\"2024-08-31T13:43:28+02:00\",\"dateModified\":\"2024-10-31T13:46:45+01:00\",\"breadcrumb\":{\"@id\":\"https:\/\/swissclinic.hu\/en\/health-days\/#breadcrumb\"},\"inLanguage\":\"en-US\",\"potentialAction\":[{\"@type\":\"ReadAction\",\"target\":[\"https:\/\/swissclinic.hu\/en\/health-days\/\"]}]},{\"@type\":\"BreadcrumbList\",\"@id\":\"https:\/\/swissclinic.hu\/en\/health-days\/#breadcrumb\",\"itemListElement\":[{\"@type\":\"ListItem\",\"position\":1,\"name\":\"Kezd\u0151lap\",\"item\":\"https:\/\/swissclinic.hu\/\"},{\"@type\":\"ListItem\",\"position\":2,\"name\":\"Health Days\"}]},{\"@type\":\"WebSite\",\"@id\":\"https:\/\/swissclinic.hu\/#website\",\"url\":\"https:\/\/swissclinic.hu\/\",\"name\":\"Swiss Clinic\",\"description\":\"mag\u00e1nklinika, sz\u0171r\u0151vizsg\u00e1latok\",\"publisher\":{\"@id\":\"https:\/\/swissclinic.hu\/#organization\"},\"potentialAction\":[{\"@type\":\"SearchAction\",\"target\":{\"@type\":\"EntryPoint\",\"urlTemplate\":\"https:\/\/swissclinic.hu\/?s={search_term_string}\"},\"query-input\":\"required name=search_term_string\"}],\"inLanguage\":\"en-US\"},{\"@type\":\"Organization\",\"@id\":\"https:\/\/swissclinic.hu\/#organization\",\"name\":\"Swiss Clinic\",\"url\":\"https:\/\/swissclinic.hu\/\",\"logo\":{\"@type\":\"ImageObject\",\"inLanguage\":\"en-US\",\"@id\":\"https:\/\/swissclinic.hu\/#\/schema\/logo\/image\/\",\"url\":\"https:\/\/swissclinic.hu\/wp-content\/uploads\/2023\/04\/logo_4x1.png\",\"contentUrl\":\"https:\/\/swissclinic.hu\/wp-content\/uploads\/2023\/04\/logo_4x1.png\",\"width\":360,\"height\":90,\"caption\":\"Swiss Clinic\"},\"image\":{\"@id\":\"https:\/\/swissclinic.hu\/#\/schema\/logo\/image\/\"},\"sameAs\":[\"https:\/\/www.facebook.com\/swissmedicalservices\/\"]}]}<\/script>\n<!-- \/ Yoast SEO plugin. -->","yoast_head_json":{"title":"Health Days - Swiss Clinic","robots":{"index":"index","follow":"follow","max-snippet":"max-snippet:-1","max-image-preview":"max-image-preview:large","max-video-preview":"max-video-preview:-1"},"canonical":"https:\/\/swissclinic.hu\/en\/health-days\/","og_locale":"en_US","og_type":"article","og_title":"Health Days - Swiss Clinic","og_description":"HEALTH DAYS We Provide Medical Coverage for Events! We offer medical coverage for health days, conferences, family days, team-building and sports events, festivals and concerts, and corporate events! The success of an event relies on the perfect coordination of every detail in planning and execution! Medical coverage for events includes on-site readiness and medical intervention [&hellip;]","og_url":"https:\/\/swissclinic.hu\/en\/health-days\/","og_site_name":"Swiss Clinic","article_publisher":"https:\/\/www.facebook.com\/swissmedicalservices\/","article_modified_time":"2024-10-31T13:46:45+01:00","og_image":[{"url":"https:\/\/swissclinic.hu\/wp-content\/themes\/medidove\/img\/about\/medical-brand-icon-border.png"}],"twitter_card":"summary_large_image","twitter_misc":{"Est. reading time":"2 minutes"},"schema":{"@context":"https:\/\/schema.org","@graph":[{"@type":"WebPage","@id":"https:\/\/swissclinic.hu\/en\/health-days\/","url":"https:\/\/swissclinic.hu\/en\/health-days\/","name":"Health Days - Swiss Clinic","isPartOf":{"@id":"https:\/\/swissclinic.hu\/#website"},"datePublished":"2024-08-31T13:43:28+02:00","dateModified":"2024-10-31T13:46:45+01:00","breadcrumb":{"@id":"https:\/\/swissclinic.hu\/en\/health-days\/#breadcrumb"},"inLanguage":"en-US","potentialAction":[{"@type":"ReadAction","target":["https:\/\/swissclinic.hu\/en\/health-days\/"]}]},{"@type":"BreadcrumbList","@id":"https:\/\/swissclinic.hu\/en\/health-days\/#breadcrumb","itemListElement":[{"@type":"ListItem","position":1,"name":"Kezd\u0151lap","item":"https:\/\/swissclinic.hu\/"},{"@type":"ListItem","position":2,"name":"Health Days"}]},{"@type":"WebSite","@id":"https:\/\/swissclinic.hu\/#website","url":"https:\/\/swissclinic.hu\/","name":"Swiss Clinic","description":"mag\u00e1nklinika, sz\u0171r\u0151vizsg\u00e1latok","publisher":{"@id":"https:\/\/swissclinic.hu\/#organization"},"potentialAction":[{"@type":"SearchAction","target":{"@type":"EntryPoint","urlTemplate":"https:\/\/swissclinic.hu\/?s={search_term_string}"},"query-input":"required name=search_term_string"}],"inLanguage":"en-US"},{"@type":"Organization","@id":"https:\/\/swissclinic.hu\/#organization","name":"Swiss Clinic","url":"https:\/\/swissclinic.hu\/","logo":{"@type":"ImageObject","inLanguage":"en-US","@id":"https:\/\/swissclinic.hu\/#\/schema\/logo\/image\/","url":"https:\/\/swissclinic.hu\/wp-content\/uploads\/2023\/04\/logo_4x1.png","contentUrl":"https:\/\/swissclinic.hu\/wp-content\/uploads\/2023\/04\/logo_4x1.png","width":360,"height":90,"caption":"Swiss Clinic"},"image":{"@id":"https:\/\/swissclinic.hu\/#\/schema\/logo\/image\/"},"sameAs":["https:\/\/www.facebook.com\/swissmedicalservices\/"]}]}},"_links":{"self":[{"href":"https:\/\/swissclinic.hu\/en\/wp-json\/wp\/v2\/pages\/16425"}],"collection":[{"href":"https:\/\/swissclinic.hu\/en\/wp-json\/wp\/v2\/pages"}],"about":[{"href":"https:\/\/swissclinic.hu\/en\/wp-json\/wp\/v2\/types\/page"}],"author":[{"embeddable":true,"href":"https:\/\/swissclinic.hu\/en\/wp-json\/wp\/v2\/users\/7"}],"replies":[{"embeddable":true,"href":"https:\/\/swissclinic.hu\/en\/wp-json\/wp\/v2\/comments?post=16425"}],"version-history":[{"count":0,"href":"https:\/\/swissclinic.hu\/en\/wp-json\/wp\/v2\/pages\/16425\/revisions"}],"wp:attachment":[{"href":"https:\/\/swissclinic.hu\/en\/wp-json\/wp\/v2\/media?parent=16425"}],"curies":[{"name":"wp","href":"https:\/\/api.w.org\/{rel}","templated":true}]}}