{"id":11936,"date":"2022-11-07T08:37:25","date_gmt":"2022-11-07T08:37:25","guid":{"rendered":"https:\/\/swissclinic.hu\/new\/klinikaink\/"},"modified":"2025-07-23T08:00:15","modified_gmt":"2025-07-23T08:00:15","slug":"klinikaink","status":"publish","type":"page","link":"https:\/\/swissclinic.hu\/en\/klinikaink\/","title":{"rendered":"Our medical centers"},"content":{"rendered":"\t\t<div data-elementor-type=\"wp-post\" data-elementor-id=\"11936\" class=\"elementor elementor-11936 elementor-3467\">\n\t\t\t\t\t\t\t\t\t<section class=\"elementor-section elementor-top-section elementor-element elementor-element-2861105 elementor-section-full_width elementor-section-height-default elementor-section-height-default\" data-id=\"2861105\" data-element_type=\"section\" data-settings=\"{&quot;background_background&quot;:&quot;classic&quot;}\">\n\t\t\t\t\t\t\t<div class=\"elementor-background-overlay\"><\/div>\n\t\t\t\t\t\t\t<div class=\"elementor-container elementor-column-gap-default\">\n\t\t\t\t\t<div class=\"elementor-column elementor-col-100 elementor-top-column elementor-element elementor-element-a3ca0de\" data-id=\"a3ca0de\" data-element_type=\"column\">\n\t\t\t<div class=\"elementor-widget-wrap elementor-element-populated\">\n\t\t\t\t\t\t\t\t<div class=\"elementor-element elementor-element-1938ca8 elementor-widget elementor-widget-heading\" data-id=\"1938ca8\" data-element_type=\"widget\" data-widget_type=\"heading.default\">\n\t\t\t\t<div class=\"elementor-widget-container\">\n\t\t\t<style>\/*! elementor - v3.7.8 - 02-10-2022 *\/\n.elementor-heading-title{padding:0;margin:0;line-height:1}.elementor-widget-heading .elementor-heading-title[class*=elementor-size-]>a{color:inherit;font-size:inherit;line-height:inherit}.elementor-widget-heading .elementor-heading-title.elementor-size-small{font-size:15px}.elementor-widget-heading .elementor-heading-title.elementor-size-medium{font-size:19px}.elementor-widget-heading .elementor-heading-title.elementor-size-large{font-size:29px}.elementor-widget-heading .elementor-heading-title.elementor-size-xl{font-size:39px}.elementor-widget-heading .elementor-heading-title.elementor-size-xxl{font-size:59px}<\/style><h2 class=\"elementor-heading-title elementor-size-default\">Our medical centers<\/h2>\t\t<\/div>\n\t\t\t\t<\/div>\n\t\t\t\t\t<\/div>\n\t\t<\/div>\n\t\t\t\t\t\t\t<\/div>\n\t\t<\/section>\n\t\t\t\t<section class=\"elementor-section elementor-top-section elementor-element elementor-element-7f02b3e elementor-section-full_width elementor-section-height-default elementor-section-height-default\" data-id=\"7f02b3e\" data-element_type=\"section\" data-settings=\"{&quot;background_background&quot;:&quot;classic&quot;}\">\n\t\t\t\t\t\t<div class=\"elementor-container elementor-column-gap-extended\">\n\t\t\t\t\t<div class=\"elementor-column elementor-col-100 elementor-top-column elementor-element elementor-element-8fa6c8f\" data-id=\"8fa6c8f\" data-element_type=\"column\">\n\t\t\t<div class=\"elementor-widget-wrap elementor-element-populated\">\n\t\t\t\t\t\t\t\t<div class=\"elementor-element elementor-element-6f95d73 elementor-align-center elementor-widget elementor-widget-bdevs-heading\" data-id=\"6f95d73\" data-element_type=\"widget\" data-widget_type=\"bdevs-heading.default\">\n\t\t\t\t<div class=\"elementor-widget-container\">\n\t\t\t\t        <div class=\"section-title\">\r\n                <div class=\"section-text\">\r\n                \t                    \t<span class=\"section8-subtitle mb-20 tp-el-subtitle\">Swiss Clinic<\/span>\r\n                    \r\n                                        \t<h2 class=\"section8-title tp-el-title\">Our medical centers<\/h2>\r\n                    \r\n                \t                <\/div>\r\n            <\/div>\r\n        \t\t\r\n\t\t\t<\/div>\n\t\t\t\t<\/div>\n\t\t\t\t<section class=\"elementor-section elementor-inner-section elementor-element elementor-element-4902b55 elementor-section-full_width elementor-section-height-default elementor-section-height-default\" data-id=\"4902b55\" data-element_type=\"section\">\n\t\t\t\t\t\t<div class=\"elementor-container elementor-column-gap-no\">\n\t\t\t\t\t<div class=\"elementor-column elementor-col-25 elementor-inner-column elementor-element elementor-element-34f3242\" data-id=\"34f3242\" data-element_type=\"column\">\n\t\t\t<div class=\"elementor-widget-wrap elementor-element-populated\">\n\t\t\t\t\t\t\t\t<div class=\"elementor-element elementor-element-51d0a45 elementor-align-left elementor-widget elementor-widget-bdevs-info-box\" data-id=\"51d0a45\" data-element_type=\"widget\" data-settings=\"{&quot;chose_style&quot;:&quot;style_1&quot;}\" data-widget_type=\"bdevs-info-box.default\">\n\t\t\t\t<div class=\"elementor-widget-container\">\n\t\t\t\t\t\r\n\r\n\t\t\r\n\t\t<div class=\"service8-item-wrapper mb-40\">\r\n\t\t    <div class=\"service8-item-content\">\r\n\t\t    \t\t\t        \t<h4 class=\"mb-20\"><a class=\"heading-link\" href=\"https:\/\/swissclinic.hu\/\/en\/swiss-premium-egeszsegkozpont-ujbuda\/\" target=\"_blank\">\u00daJBUDA - Swiss Pr\u00e9mium Medical Center<\/a><\/h4>\r\n\t\t        \r\n\t\t                        \t<p class=\"mb-35\">Address: 1119 Budapest, Biksz\u00e1di utca 6\/A\n\n<\/p>\r\n                \t\t    <\/div>\r\n\t\t    <div class=\"service8-item-img pos-rel pb-30\">\r\n\t\t    \t\t\t        <div class=\"service8-link-bth\">\r\n\t\t            <a class=\"button-border arrow-link-btn\" href=\"https:\/\/swissclinic.hu\/\/en\/swiss-premium-egeszsegkozpont-ujbuda\/\" target=\"_blank\" class=\"arrow-link-btn\"><i class=\"fal fa-long-arrow-right\"><\/i><\/a>\r\n\t\t        <\/div>\r\n\t\t        \r\n\t\t        \t\t        <img src=\"https:\/\/swissclinic.hu\/wp-content\/uploads\/2022\/11\/ujbuda.jpg\" alt=\"img\">\r\n\t\t        \t\t    <\/div>\r\n\t\t<\/div>\r\n\r\n        \t\t\t<\/div>\n\t\t\t\t<\/div>\n\t\t\t\t\t<\/div>\n\t\t<\/div>\n\t\t\t\t<div class=\"elementor-column elementor-col-25 elementor-inner-column elementor-element elementor-element-1dd006f\" data-id=\"1dd006f\" data-element_type=\"column\">\n\t\t\t<div class=\"elementor-widget-wrap elementor-element-populated\">\n\t\t\t\t\t\t\t\t<div class=\"elementor-element elementor-element-4fd3100 elementor-align-left elementor-widget elementor-widget-bdevs-info-box\" data-id=\"4fd3100\" data-element_type=\"widget\" data-settings=\"{&quot;chose_style&quot;:&quot;style_2&quot;}\" data-widget_type=\"bdevs-info-box.default\">\n\t\t\t\t<div class=\"elementor-widget-container\">\n\t\t\t\t\t\r\n\r\n\t\t            <div class=\"service8-item-wrapper service8-item2 pt-90 mb-40\" >\r\n                <div class=\"service8-item-img pos-rel pb-30\">\r\n                \t                    <div class=\"service8-link-bth\">\r\n                        <a class=\"button-border arrow-link-btn\" href=\"https:\/\/swissclinic.hu\/\/en\/swiss-premium-egeszsegkozpont-buda\/\" target=\"_blank\" class=\"arrow-link-btn\"><i class=\"fal fa-long-arrow-right\"><\/i><\/a>\r\n                    <\/div>\r\n                    \r\n                                        \t<img src=\"https:\/\/swissclinic.hu\/wp-content\/uploads\/2022\/11\/nagyenyed.jpg\" alt=\"img\">\r\n                    \r\n                <\/div>\r\n\r\n                <div class=\"service8-item-content\">\r\n                \t                    \t<h4 class=\"mb-20\"><a class=\"heading-link\" href=\"https:\/\/swissclinic.hu\/\/en\/swiss-premium-egeszsegkozpont-buda\/\" target=\"_blank\">BUDA - Swiss Premium Medical Center<\/a><\/h4>\r\n                    \r\n\t                \t                \t<p class=\"mb-35\">Address: 1123 Budapest, Nagyenyed Street. 8-14.\n<\/p>\r\n\t                                <\/div>\r\n            <\/div>\r\n\r\n        \t\t\t<\/div>\n\t\t\t\t<\/div>\n\t\t\t\t\t<\/div>\n\t\t<\/div>\n\t\t\t\t<div class=\"elementor-column elementor-col-25 elementor-inner-column elementor-element elementor-element-75f8444\" data-id=\"75f8444\" data-element_type=\"column\">\n\t\t\t<div class=\"elementor-widget-wrap elementor-element-populated\">\n\t\t\t\t\t\t\t\t<div class=\"elementor-element elementor-element-4e88bee elementor-align-left elementor-widget elementor-widget-bdevs-info-box\" data-id=\"4e88bee\" data-element_type=\"widget\" data-settings=\"{&quot;chose_style&quot;:&quot;style_1&quot;}\" data-widget_type=\"bdevs-info-box.default\">\n\t\t\t\t<div class=\"elementor-widget-container\">\n\t\t\t\t\t\r\n\r\n\t\t\r\n\t\t<div class=\"service8-item-wrapper mb-40\">\r\n\t\t    <div class=\"service8-item-content\">\r\n\t\t    \t\t\t        \t<h4 class=\"mb-20\"><a class=\"heading-link\" href=\"https:\/\/swissclinic.hu\/\/en\/swiss-premium-egeszsegkozpont-pest\/\" target=\"_blank\">PEST - Swiss Premium Medical Center<\/a><\/h4>\r\n\t\t        \r\n\t\t                        \t<p class=\"mb-35\">Address: 1132 Budapest, V\u00e1ci Street 30.\n<\/p>\r\n                \t\t    <\/div>\r\n\t\t    <div class=\"service8-item-img pos-rel pb-30\">\r\n\t\t    \t\t\t        <div class=\"service8-link-bth\">\r\n\t\t            <a class=\"button-border arrow-link-btn\" href=\"https:\/\/swissclinic.hu\/\/en\/swiss-premium-egeszsegkozpont-pest\/\" target=\"_blank\" class=\"arrow-link-btn\"><i class=\"fal fa-long-arrow-right\"><\/i><\/a>\r\n\t\t        <\/div>\r\n\t\t        \r\n\t\t        \t\t        <img src=\"https:\/\/swissclinic.hu\/wp-content\/uploads\/2022\/11\/VACIUT.jpg\" alt=\"img\">\r\n\t\t        \t\t    <\/div>\r\n\t\t<\/div>\r\n\r\n        \t\t\t<\/div>\n\t\t\t\t<\/div>\n\t\t\t\t\t<\/div>\n\t\t<\/div>\n\t\t\t\t<div class=\"elementor-column elementor-col-25 elementor-inner-column elementor-element elementor-element-1438dac\" data-id=\"1438dac\" data-element_type=\"column\">\n\t\t\t<div class=\"elementor-widget-wrap elementor-element-populated\">\n\t\t\t\t\t\t\t\t<div class=\"elementor-element elementor-element-9be305e elementor-align-left elementor-widget elementor-widget-bdevs-info-box\" data-id=\"9be305e\" data-element_type=\"widget\" data-settings=\"{&quot;chose_style&quot;:&quot;style_2&quot;}\" data-widget_type=\"bdevs-info-box.default\">\n\t\t\t\t<div class=\"elementor-widget-container\">\n\t\t\t\t\t\r\n\r\n\t\t            <div class=\"service8-item-wrapper service8-item2 pt-90 mb-40\" >\r\n                <div class=\"service8-item-img pos-rel pb-30\">\r\n                \t                    <div class=\"service8-link-bth\">\r\n                        <a class=\"button-border arrow-link-btn\" href=\"https:\/\/swissclinic.hu\/en\/swiss-premium-health-center-pest-2\/\" target=\"_blank\" class=\"arrow-link-btn\"><i class=\"fal fa-long-arrow-right\"><\/i><\/a>\r\n                    <\/div>\r\n                    \r\n                                        \t<img src=\"https:\/\/swissclinic.hu\/wp-content\/uploads\/2024\/10\/swiss.png\" alt=\"img\">\r\n                    \r\n                <\/div>\r\n\r\n                <div class=\"service8-item-content\">\r\n                \t                    \t<h4 class=\"mb-20\"><a class=\"heading-link\" href=\"https:\/\/swissclinic.hu\/en\/swiss-premium-health-center-pest-2\/\" target=\"_blank\">PEST2 - Swiss Premium Medical Center<\/a><\/h4>\r\n                    \r\n\t                \t                \t<p class=\"mb-35\">Address: 1104 M\u00e9hes utca 1\/b\n<\/p>\r\n\t                                <\/div>\r\n            <\/div>\r\n\r\n        \t\t\t<\/div>\n\t\t\t\t<\/div>\n\t\t\t\t\t<\/div>\n\t\t<\/div>\n\t\t\t\t\t\t\t<\/div>\n\t\t<\/section>\n\t\t\t\t\t<\/div>\n\t\t<\/div>\n\t\t\t\t\t\t\t<\/div>\n\t\t<\/section>\n\t\t\t\t\t\t\t<\/div>\n\t\t","protected":false},"excerpt":{"rendered":"<p>Our medical centers Swiss Clinic Our medical centers \u00daJBUDA &#8211; Swiss Pr\u00e9mium Medical Center Address: 1119 Budapest, Biksz\u00e1di utca 6\/A BUDA &#8211; Swiss Premium Medical Center Address: 1123 Budapest, Nagyenyed Street. 8-14. PEST &#8211; Swiss Premium Medical Center Address: 1132 Budapest, V\u00e1ci Street 30. PEST2 &#8211; Swiss Premium Medical Center Address: 1104 M\u00e9hes utca 1\/b<\/p>\n","protected":false},"author":7,"featured_media":0,"parent":0,"menu_order":0,"comment_status":"closed","ping_status":"closed","template":"elementor_header_footer","meta":[],"acf":[],"yoast_head":"<!-- This site is optimized with the Yoast SEO plugin v20.5 - https:\/\/yoast.com\/wordpress\/plugins\/seo\/ -->\n<title>Our medical centers - Swiss Clinic<\/title>\n<meta name=\"robots\" content=\"index, follow, max-snippet:-1, max-image-preview:large, max-video-preview:-1\" \/>\n<link rel=\"canonical\" href=\"https:\/\/swissclinic.hu\/en\/klinikaink\/\" \/>\n<meta property=\"og:locale\" content=\"en_US\" \/>\n<meta property=\"og:type\" content=\"article\" \/>\n<meta property=\"og:title\" content=\"Our medical centers - Swiss Clinic\" \/>\n<meta property=\"og:description\" content=\"Our medical centers Swiss Clinic Our medical centers \u00daJBUDA &#8211; Swiss Pr\u00e9mium Medical Center Address: 1119 Budapest, Biksz\u00e1di utca 6\/A BUDA &#8211; Swiss Premium Medical Center Address: 1123 Budapest, Nagyenyed Street. 8-14. PEST &#8211; Swiss Premium Medical Center Address: 1132 Budapest, V\u00e1ci Street 30. PEST2 &#8211; Swiss Premium Medical Center Address: 1104 M\u00e9hes utca 1\/b\" \/>\n<meta property=\"og:url\" content=\"https:\/\/swissclinic.hu\/en\/klinikaink\/\" \/>\n<meta property=\"og:site_name\" content=\"Swiss Clinic\" \/>\n<meta property=\"article:publisher\" content=\"https:\/\/www.facebook.com\/swissmedicalservices\/\" \/>\n<meta property=\"article:modified_time\" content=\"2025-07-23T08:00:15+02:00\" \/>\n<meta property=\"og:image\" content=\"https:\/\/swissclinic.hu\/wp-content\/uploads\/2022\/11\/ujbuda.jpg\" \/>\n<meta name=\"twitter:card\" content=\"summary_large_image\" \/>\n<meta name=\"twitter:label1\" content=\"Est. reading time\" \/>\n\t<meta name=\"twitter:data1\" content=\"2 minutes\" \/>\n<script type=\"application\/ld+json\" class=\"yoast-schema-graph\">{\"@context\":\"https:\/\/schema.org\",\"@graph\":[{\"@type\":\"WebPage\",\"@id\":\"https:\/\/swissclinic.hu\/en\/klinikaink\/\",\"url\":\"https:\/\/swissclinic.hu\/en\/klinikaink\/\",\"name\":\"Our medical centers - Swiss Clinic\",\"isPartOf\":{\"@id\":\"https:\/\/swissclinic.hu\/#website\"},\"datePublished\":\"2022-11-07T08:37:25+01:00\",\"dateModified\":\"2025-07-23T08:00:15+02:00\",\"breadcrumb\":{\"@id\":\"https:\/\/swissclinic.hu\/en\/klinikaink\/#breadcrumb\"},\"inLanguage\":\"en-US\",\"potentialAction\":[{\"@type\":\"ReadAction\",\"target\":[\"https:\/\/swissclinic.hu\/en\/klinikaink\/\"]}]},{\"@type\":\"BreadcrumbList\",\"@id\":\"https:\/\/swissclinic.hu\/en\/klinikaink\/#breadcrumb\",\"itemListElement\":[{\"@type\":\"ListItem\",\"position\":1,\"name\":\"Kezd\u0151lap\",\"item\":\"https:\/\/swissclinic.hu\/\"},{\"@type\":\"ListItem\",\"position\":2,\"name\":\"Our medical centers\"}]},{\"@type\":\"WebSite\",\"@id\":\"https:\/\/swissclinic.hu\/#website\",\"url\":\"https:\/\/swissclinic.hu\/\",\"name\":\"Swiss Clinic\",\"description\":\"mag\u00e1nklinika, sz\u0171r\u0151vizsg\u00e1latok\",\"publisher\":{\"@id\":\"https:\/\/swissclinic.hu\/#organization\"},\"potentialAction\":[{\"@type\":\"SearchAction\",\"target\":{\"@type\":\"EntryPoint\",\"urlTemplate\":\"https:\/\/swissclinic.hu\/?s={search_term_string}\"},\"query-input\":\"required name=search_term_string\"}],\"inLanguage\":\"en-US\"},{\"@type\":\"Organization\",\"@id\":\"https:\/\/swissclinic.hu\/#organization\",\"name\":\"Swiss Clinic\",\"url\":\"https:\/\/swissclinic.hu\/\",\"logo\":{\"@type\":\"ImageObject\",\"inLanguage\":\"en-US\",\"@id\":\"https:\/\/swissclinic.hu\/#\/schema\/logo\/image\/\",\"url\":\"https:\/\/swissclinic.hu\/wp-content\/uploads\/2023\/04\/logo_4x1.png\",\"contentUrl\":\"https:\/\/swissclinic.hu\/wp-content\/uploads\/2023\/04\/logo_4x1.png\",\"width\":360,\"height\":90,\"caption\":\"Swiss Clinic\"},\"image\":{\"@id\":\"https:\/\/swissclinic.hu\/#\/schema\/logo\/image\/\"},\"sameAs\":[\"https:\/\/www.facebook.com\/swissmedicalservices\/\"]}]}<\/script>\n<!-- \/ Yoast SEO plugin. -->","yoast_head_json":{"title":"Our medical centers - Swiss Clinic","robots":{"index":"index","follow":"follow","max-snippet":"max-snippet:-1","max-image-preview":"max-image-preview:large","max-video-preview":"max-video-preview:-1"},"canonical":"https:\/\/swissclinic.hu\/en\/klinikaink\/","og_locale":"en_US","og_type":"article","og_title":"Our medical centers - Swiss Clinic","og_description":"Our medical centers Swiss Clinic Our medical centers \u00daJBUDA &#8211; Swiss Pr\u00e9mium Medical Center Address: 1119 Budapest, Biksz\u00e1di utca 6\/A BUDA &#8211; Swiss Premium Medical Center Address: 1123 Budapest, Nagyenyed Street. 8-14. PEST &#8211; Swiss Premium Medical Center Address: 1132 Budapest, V\u00e1ci Street 30. PEST2 &#8211; Swiss Premium Medical Center Address: 1104 M\u00e9hes utca 1\/b","og_url":"https:\/\/swissclinic.hu\/en\/klinikaink\/","og_site_name":"Swiss Clinic","article_publisher":"https:\/\/www.facebook.com\/swissmedicalservices\/","article_modified_time":"2025-07-23T08:00:15+02:00","og_image":[{"url":"https:\/\/swissclinic.hu\/wp-content\/uploads\/2022\/11\/ujbuda.jpg"}],"twitter_card":"summary_large_image","twitter_misc":{"Est. reading time":"2 minutes"},"schema":{"@context":"https:\/\/schema.org","@graph":[{"@type":"WebPage","@id":"https:\/\/swissclinic.hu\/en\/klinikaink\/","url":"https:\/\/swissclinic.hu\/en\/klinikaink\/","name":"Our medical centers - Swiss Clinic","isPartOf":{"@id":"https:\/\/swissclinic.hu\/#website"},"datePublished":"2022-11-07T08:37:25+01:00","dateModified":"2025-07-23T08:00:15+02:00","breadcrumb":{"@id":"https:\/\/swissclinic.hu\/en\/klinikaink\/#breadcrumb"},"inLanguage":"en-US","potentialAction":[{"@type":"ReadAction","target":["https:\/\/swissclinic.hu\/en\/klinikaink\/"]}]},{"@type":"BreadcrumbList","@id":"https:\/\/swissclinic.hu\/en\/klinikaink\/#breadcrumb","itemListElement":[{"@type":"ListItem","position":1,"name":"Kezd\u0151lap","item":"https:\/\/swissclinic.hu\/"},{"@type":"ListItem","position":2,"name":"Our medical centers"}]},{"@type":"WebSite","@id":"https:\/\/swissclinic.hu\/#website","url":"https:\/\/swissclinic.hu\/","name":"Swiss Clinic","description":"mag\u00e1nklinika, sz\u0171r\u0151vizsg\u00e1latok","publisher":{"@id":"https:\/\/swissclinic.hu\/#organization"},"potentialAction":[{"@type":"SearchAction","target":{"@type":"EntryPoint","urlTemplate":"https:\/\/swissclinic.hu\/?s={search_term_string}"},"query-input":"required name=search_term_string"}],"inLanguage":"en-US"},{"@type":"Organization","@id":"https:\/\/swissclinic.hu\/#organization","name":"Swiss Clinic","url":"https:\/\/swissclinic.hu\/","logo":{"@type":"ImageObject","inLanguage":"en-US","@id":"https:\/\/swissclinic.hu\/#\/schema\/logo\/image\/","url":"https:\/\/swissclinic.hu\/wp-content\/uploads\/2023\/04\/logo_4x1.png","contentUrl":"https:\/\/swissclinic.hu\/wp-content\/uploads\/2023\/04\/logo_4x1.png","width":360,"height":90,"caption":"Swiss Clinic"},"image":{"@id":"https:\/\/swissclinic.hu\/#\/schema\/logo\/image\/"},"sameAs":["https:\/\/www.facebook.com\/swissmedicalservices\/"]}]}},"_links":{"self":[{"href":"https:\/\/swissclinic.hu\/en\/wp-json\/wp\/v2\/pages\/11936"}],"collection":[{"href":"https:\/\/swissclinic.hu\/en\/wp-json\/wp\/v2\/pages"}],"about":[{"href":"https:\/\/swissclinic.hu\/en\/wp-json\/wp\/v2\/types\/page"}],"author":[{"embeddable":true,"href":"https:\/\/swissclinic.hu\/en\/wp-json\/wp\/v2\/users\/7"}],"replies":[{"embeddable":true,"href":"https:\/\/swissclinic.hu\/en\/wp-json\/wp\/v2\/comments?post=11936"}],"version-history":[{"count":0,"href":"https:\/\/swissclinic.hu\/en\/wp-json\/wp\/v2\/pages\/11936\/revisions"}],"wp:attachment":[{"href":"https:\/\/swissclinic.hu\/en\/wp-json\/wp\/v2\/media?parent=11936"}],"curies":[{"name":"wp","href":"https:\/\/api.w.org\/{rel}","templated":true}]}}