{"id":11410,"date":"2022-12-01T07:48:15","date_gmt":"2022-12-01T07:48:15","guid":{"rendered":"https:\/\/swissclinic.hu\/new\/altalanos-szerzodesi-feltetelek\/"},"modified":"2026-03-20T16:23:26","modified_gmt":"2026-03-20T16:23:26","slug":"altalanos-szerzodesi-feltetelek","status":"publish","type":"page","link":"https:\/\/swissclinic.hu\/en\/altalanos-szerzodesi-feltetelek\/","title":{"rendered":"Terms and Conditions"},"content":{"rendered":"\t\t<div data-elementor-type=\"wp-post\" data-elementor-id=\"11410\" class=\"elementor elementor-11410 elementor-7324\">\n\t\t\t\t\t\t\t\t\t<section class=\"elementor-section elementor-top-section elementor-element elementor-element-2861105 elementor-section-boxed elementor-section-height-default elementor-section-height-default\" data-id=\"2861105\" data-element_type=\"section\" data-settings=\"{&quot;background_background&quot;:&quot;classic&quot;}\">\n\t\t\t\t\t\t\t<div class=\"elementor-background-overlay\"><\/div>\n\t\t\t\t\t\t\t<div class=\"elementor-container elementor-column-gap-default\">\n\t\t\t\t\t<div class=\"elementor-column elementor-col-100 elementor-top-column elementor-element elementor-element-a3ca0de\" data-id=\"a3ca0de\" data-element_type=\"column\">\n\t\t\t<div class=\"elementor-widget-wrap elementor-element-populated\">\n\t\t\t\t\t\t\t\t<div class=\"elementor-element elementor-element-1938ca8 elementor-widget elementor-widget-heading\" data-id=\"1938ca8\" data-element_type=\"widget\" data-widget_type=\"heading.default\">\n\t\t\t\t<div class=\"elementor-widget-container\">\n\t\t\t<style>\/*! elementor - v3.7.8 - 02-10-2022 *\/\n.elementor-heading-title{padding:0;margin:0;line-height:1}.elementor-widget-heading .elementor-heading-title[class*=elementor-size-]>a{color:inherit;font-size:inherit;line-height:inherit}.elementor-widget-heading .elementor-heading-title.elementor-size-small{font-size:15px}.elementor-widget-heading .elementor-heading-title.elementor-size-medium{font-size:19px}.elementor-widget-heading .elementor-heading-title.elementor-size-large{font-size:29px}.elementor-widget-heading .elementor-heading-title.elementor-size-xl{font-size:39px}.elementor-widget-heading .elementor-heading-title.elementor-size-xxl{font-size:59px}<\/style><h2 class=\"elementor-heading-title elementor-size-default\">\tTerms and Conditions<\/h2>\t\t<\/div>\n\t\t\t\t<\/div>\n\t\t\t\t\t<\/div>\n\t\t<\/div>\n\t\t\t\t\t\t\t<\/div>\n\t\t<\/section>\n\t\t\t\t<section class=\"elementor-section elementor-top-section elementor-element elementor-element-77534e9 elementor-section-boxed elementor-section-height-default elementor-section-height-default\" data-id=\"77534e9\" data-element_type=\"section\">\n\t\t\t\t\t\t<div class=\"elementor-container elementor-column-gap-default\">\n\t\t\t\t\t<div class=\"elementor-column elementor-col-100 elementor-top-column elementor-element elementor-element-b633ef6\" data-id=\"b633ef6\" data-element_type=\"column\">\n\t\t\t<div class=\"elementor-widget-wrap elementor-element-populated\">\n\t\t\t\t\t\t\t\t<div class=\"elementor-element elementor-element-94e504f elementor-widget elementor-widget-text-editor\" data-id=\"94e504f\" data-element_type=\"widget\" data-widget_type=\"text-editor.default\">\n\t\t\t\t<div class=\"elementor-widget-container\">\n\t\t\t<style>\/*! elementor - v3.7.8 - 02-10-2022 *\/\n.elementor-widget-text-editor.elementor-drop-cap-view-stacked .elementor-drop-cap{background-color:#818a91;color:#fff}.elementor-widget-text-editor.elementor-drop-cap-view-framed .elementor-drop-cap{color:#818a91;border:3px solid;background-color:transparent}.elementor-widget-text-editor:not(.elementor-drop-cap-view-default) .elementor-drop-cap{margin-top:8px}.elementor-widget-text-editor:not(.elementor-drop-cap-view-default) .elementor-drop-cap-letter{width:1em;height:1em}.elementor-widget-text-editor .elementor-drop-cap{float:left;text-align:center;line-height:1;font-size:50px}.elementor-widget-text-editor .elementor-drop-cap-letter{display:inline-block}<\/style>\t\t\t\t<div class=\"tlid-input input\"><div class=\"source-wrap\"><div class=\"input-full-height-wrapper tlid-input-full-height-wrapper\"><div class=\"source-input\"><div class=\"source-footer-wrap source-or-target-footer\"><div class=\"character-count tlid-character-count\"><p class=\"cc-ctr normal\"><strong>Dear Customers!<\/strong><\/p><\/div><\/div><\/div><\/div><\/div><\/div><div class=\"tlid-results-container results-container\"><div class=\"tlid-result result-dict-wrapper\"><div class=\"result tlid-copy-target\"><div class=\"text-wrap tlid-copy-target\"><p class=\"result-shield-container tlid-copy-target\" tabindex=\"0\"><span class=\"tlid-translation translation\" lang=\"en\"><span class=\"\" title=\"\">You can find our general terms and conditions below.<\/span><\/span><\/p><div class=\"flex flex-col text-sm\"><article class=\"text-token-text-primary w-full focus:outline-none [--shadow-height:45px] has-data-writing-block:pointer-events-none has-data-writing-block:-mt-(--shadow-height) has-data-writing-block:pt-(--shadow-height) [&amp;:has([data-writing-block])&gt;*]:pointer-events-auto scroll-mt-[calc(var(--header-height)+min(200px,max(70px,20svh)))]\" dir=\"auto\" tabindex=\"-1\" data-turn-id=\"request-WEB:0f2b8dd8-b7c8-4782-97e7-ac9dd351bfeb-81\" data-testid=\"conversation-turn-18\" data-scroll-anchor=\"true\" data-turn=\"assistant\"><div class=\"text-base my-auto mx-auto pb-10 [--thread-content-margin:var(--thread-content-margin-xs,calc(var(--spacing)*4))] @w-sm\/main:[--thread-content-margin:var(--thread-content-margin-sm,calc(var(--spacing)*6))] @w-lg\/main:[--thread-content-margin:var(--thread-content-margin-lg,calc(var(--spacing)*16))] px-(--thread-content-margin)\"><div class=\"[--thread-content-max-width:40rem] @w-lg\/main:[--thread-content-max-width:48rem] mx-auto max-w-(--thread-content-max-width) flex-1 group\/turn-messages focus-visible:outline-hidden relative flex w-full min-w-0 flex-col agent-turn\" tabindex=\"-1\"><div class=\"flex max-w-full flex-col gap-4 grow\"><div class=\"min-h-8 text-message relative flex w-full flex-col items-end gap-2 text-start break-words whitespace-normal [.text-message+&amp;]:mt-1\" dir=\"auto\" data-message-author-role=\"assistant\" data-message-id=\"4ac0b74b-47db-41c8-bf80-e5a7768664ad\" data-message-model-slug=\"gpt-4o-mini\"><div class=\"flex w-full flex-col gap-1 empty:hidden\"><div class=\"markdown prose dark:prose-invert w-full wrap-break-word light markdown-new-styling\"><p data-start=\"0\" data-end=\"75\" data-is-last-node=\"\" data-is-only-node=\"\"><a href=\"https:\/\/swissclinic.hu\/wp-content\/uploads\/2026\/03\/Client-Card-Service-General-Terms-and-Conditions-2026-03-09.pdf\">Swiss Medical Hungary Zrt. Client Card Service General Terms and Conditions from 2026.03.09.<\/a><\/p><\/div><\/div><\/div><\/div><\/div><\/div><\/article><\/div><article class=\"text-token-text-primary w-full focus:outline-none [--shadow-height:45px] has-data-writing-block:pointer-events-none has-data-writing-block:-mt-(--shadow-height) has-data-writing-block:pt-(--shadow-height) [&amp;:has([data-writing-block])&gt;*]:pointer-events-auto [content-visibility:auto] supports-[content-visibility:auto]:[contain-intrinsic-size:auto_100lvh] scroll-mt-[calc(var(--header-height)+min(200px,max(70px,20svh)))]\" dir=\"auto\" tabindex=\"-1\" data-turn-id=\"request-WEB:423e3b33-2f62-4505-9c7b-ed981450a346-2\" data-testid=\"conversation-turn-6\" data-scroll-anchor=\"true\" data-turn=\"assistant\"><div class=\"text-base my-auto mx-auto pb-10 [--thread-content-margin:--spacing(4)] thread-sm:[--thread-content-margin:--spacing(6)] thread-lg:[--thread-content-margin:--spacing(16)] px-(--thread-content-margin)\"><div class=\"[--thread-content-max-width:40rem] thread-lg:[--thread-content-max-width:48rem] mx-auto max-w-(--thread-content-max-width) flex-1 group\/turn-messages focus-visible:outline-hidden relative flex w-full min-w-0 flex-col agent-turn\" tabindex=\"-1\"><div class=\"flex max-w-full flex-col grow\"><div class=\"min-h-8 text-message relative flex w-full flex-col items-end gap-2 text-start break-words whitespace-normal [.text-message+&amp;]:mt-1\" dir=\"auto\" data-message-author-role=\"assistant\" data-message-id=\"9c959d16-8d38-4acb-a1c7-80c6cc1a5d2b\" data-message-model-slug=\"gpt-5-1\"><div class=\"flex w-full flex-col gap-1 empty:hidden first:pt-[1px]\"><div class=\"markdown prose dark:prose-invert w-full break-words light markdown-new-styling\"><p><a href=\"https:\/\/swissclinic.hu\/wp-content\/uploads\/2025\/11\/Optimum-ENG.pdf\">Swiss Medical Hungary Zrt. Care Regulations for the Optimum Customer Card Healthcare Service Product from 2025.11.13.<\/a><\/p><p><a href=\"https:\/\/swissclinic.hu\/wp-content\/uploads\/2025\/11\/Menedzserszu\u030bre\u0301s_eng.pdf\">Swiss Medical Hungary Zrt. General Terms and Conditions for the Provision of Manager Screening Services from 2025.11.13.<\/a><\/p><p><a href=\"https:\/\/swissclinic.hu\/wp-content\/uploads\/2025\/11\/Egynapos_ENG.pdf\">Swiss Medical Hungary Zrt. General Terms and Conditions for the Provision of One-Day Surgical Care from 2025.11.13.<\/a><\/p><p><a href=\"https:\/\/swissclinic.hu\/wp-content\/uploads\/2025\/11\/A\u0301SZF-ja\u0301ro\u0301beteg-ENG.pdf\">Swiss Medical Hungary Zrt. General Terms and Conditions for the Provision of Outpatient Specialist Care from 2025.11.13.<\/a><\/p><\/div><\/div><\/div><\/div><\/div><\/div><\/article><p><a href=\"https:\/\/swissclinic.hu\/wp-content\/uploads\/2025\/11\/Webshop_ENG.pdf\">Swiss Medical Hungary Zrt. General Terms and Conditions for Outpatient Care Purchased Through the Webshop from 2025.11.13.<\/a><\/p><article class=\"text-token-text-primary w-full focus:outline-none [--shadow-height:45px] has-data-writing-block:pointer-events-none has-data-writing-block:-mt-(--shadow-height) has-data-writing-block:pt-(--shadow-height) [&amp;:has([data-writing-block])&gt;*]:pointer-events-auto [content-visibility:auto] supports-[content-visibility:auto]:[contain-intrinsic-size:auto_100lvh] scroll-mt-[calc(var(--header-height)+min(200px,max(70px,20svh)))]\" dir=\"auto\" tabindex=\"-1\" data-turn-id=\"request-WEB:423e3b33-2f62-4505-9c7b-ed981450a346-1\" data-testid=\"conversation-turn-4\" data-scroll-anchor=\"true\" data-turn=\"assistant\"><div class=\"text-base my-auto mx-auto pb-10 [--thread-content-margin:--spacing(4)] thread-sm:[--thread-content-margin:--spacing(6)] thread-lg:[--thread-content-margin:--spacing(16)] px-(--thread-content-margin)\"><div class=\"[--thread-content-max-width:40rem] thread-lg:[--thread-content-max-width:48rem] mx-auto max-w-(--thread-content-max-width) flex-1 group\/turn-messages focus-visible:outline-hidden relative flex w-full min-w-0 flex-col agent-turn\" tabindex=\"-1\"><div class=\"flex max-w-full flex-col grow\"><div class=\"min-h-8 text-message relative flex w-full flex-col items-end gap-2 text-start break-words whitespace-normal [.text-message+&amp;]:mt-1\" dir=\"auto\" data-message-author-role=\"assistant\" data-message-id=\"4e53076e-5c9e-4e3f-8337-0a30f6910bef\" data-message-model-slug=\"gpt-5-1\"><div class=\"flex w-full flex-col gap-1 empty:hidden first:pt-[1px]\"><div class=\"markdown prose dark:prose-invert w-full break-words light markdown-new-styling\"><p data-start=\"41\" data-end=\"181\" data-is-last-node=\"\" data-is-only-node=\"\"><a href=\"https:\/\/swissclinic.hu\/wp-content\/uploads\/2025\/11\/webshopfogleu_eng.pdf\">Swiss Medical Hungary Zrt. General Terms and Conditions for Occupational Health Services for Contracts Concluded Online from 2025.11.13.<\/a><\/p><\/div><\/div><\/div><\/div><\/div><\/div><\/article><p tabindex=\"0\"><a href=\"https:\/\/swissclinic.hu\/\/wp-content\/uploads\/2023\/01\/of-Swiss-Medical-Hungary-Zrt.-for-the-provision-of-manager-screening-services20220405.pdf\" target=\"_blank\" rel=\"noopener\">General Terms and Conditions of of Swiss Medical Hungary Zrt. for the provision of manager screening services from 2022. 04. 05.<\/a><br \/><a href=\"https:\/\/swissclinic.hu\/\/wp-content\/uploads\/2023\/01\/of-Swiss-Medical-Hungary-Zrt.-for-the-provision-of-manager-screening-services20211130.pdf\" target=\"_blank\" rel=\"noopener\">General Terms and Conditions of of Swiss Medical Hungary Zrt. for the provision of manager screening services from 2021. 11. 30<\/a><br \/><a href=\"https:\/\/swissclinic.hu\/\/wp-content\/uploads\/2023\/01\/ASzF_webshop_final_EN_20211130.pdf\" target=\"_blank\" rel=\"noopener\">General Terms and Conditions of the webshop from 2021. 11. 30<\/a><br \/><a href=\"https:\/\/swissclinic.hu\/\/wp-content\/uploads\/2023\/01\/ASzF_webshop_final_EN_20211130-1.pdf\" target=\"_blank\" rel=\"noopener\">General Terms and Conditions of Swiss Medical Hungary Zrt. for the provision of outpatient specialist care from 2021. 11. 30<\/a><br \/><a href=\"https:\/\/swissclinic.hu\/\/wp-content\/uploads\/2023\/01\/General-Terms-and-Conditions-of-Swiss-Medical-Hungary-Zrt.-for-the-provision-of-one-day-surgical-care-from-202111130.pdf\" target=\"_blank\" rel=\"noopener\">General Terms and Conditions of Swiss Medical Hungary Zrt. for the provision of one-day surgery from 2021. 11. 30<\/a><br \/><a href=\"https:\/\/swissclinic.hu\/\/wp-content\/uploads\/2023\/01\/2019_General_TermsConditions_Customer_Card_Service.pdf\" target=\"_blank\" rel=\"noopener\">General Terms and Conditions of the Customer Card Service of Swiss Medical Services Kft.<\/a><br \/><a href=\"https:\/\/swissclinic.hu\/\/wp-content\/uploads\/2023\/01\/ASzF_webshop_final_EN.pdf\" target=\"_blank\" rel=\"noopener\">General Terms and Conditions of the webshop<\/a><br \/><a href=\"https:\/\/swissclinic.hu\/\/wp-content\/uploads\/2023\/01\/General-Terms-and-Conditions-of-Swiss-Medical-Hungary-Zrt.-for-the-provision-of-one-day-surgical-care-from-202111130-1.pdf\" target=\"_blank\" rel=\"noopener\">General Terms and Conditions of of Swiss Medical Hungary Zrt. for the provision of manager screening services<\/a><br \/><a href=\"https:\/\/swissclinic.hu\/\/wp-content\/uploads\/2023\/01\/Swiss-Medical-Hungary-Zrt.-for-the-provision-of-outpatient-specialist-care20211130.pdf\" target=\"_blank\" rel=\"noopener\">General Terms and Conditions of Swiss Medical Hungary Zrt. for the provision of outpatient specialist care<\/a><br \/><a href=\"https:\/\/swissclinic.hu\/\/wp-content\/uploads\/2023\/01\/General-Terms-and-Conditions-of-Swiss-Medical-Hungary-Zrt.-for-the-provision-of-one-day-surgical-care-from-01.07.2021.pdf\" target=\"_blank\" rel=\"noopener\">General Terms and Conditions of Swiss Medical Hungary Zrt. for the provision of one-day surgical care<\/a><\/p><\/div><p tabindex=\"0\"><a href=\"https:\/\/swissclinic.hu\/wp-content\/uploads\/2023\/09\/CONTRIBUTION-TO-DATA-MANAGEMENT.pdf\">Contribution to data management<\/a><\/p><\/div><\/div><\/div>\t\t\t\t\t\t<\/div>\n\t\t\t\t<\/div>\n\t\t\t\t\t<\/div>\n\t\t<\/div>\n\t\t\t\t\t\t\t<\/div>\n\t\t<\/section>\n\t\t\t\t\t\t\t<\/div>\n\t\t","protected":false},"excerpt":{"rendered":"<p>Terms and Conditions Dear Customers! You can find our general terms and conditions below. Swiss Medical Hungary Zrt. Client Card Service General Terms and Conditions from 2026.03.09. Swiss Medical Hungary Zrt. Care Regulations for the Optimum Customer Card Healthcare Service Product from 2025.11.13. Swiss Medical Hungary Zrt. General Terms and Conditions for the Provision of [&hellip;]<\/p>\n","protected":false},"author":7,"featured_media":0,"parent":0,"menu_order":0,"comment_status":"closed","ping_status":"closed","template":"elementor_header_footer","meta":[],"acf":[],"yoast_head":"<!-- This site is optimized with the Yoast SEO plugin v20.5 - https:\/\/yoast.com\/wordpress\/plugins\/seo\/ -->\n<title>Terms and Conditions - Swiss Clinic<\/title>\n<meta name=\"robots\" content=\"index, follow, max-snippet:-1, max-image-preview:large, max-video-preview:-1\" \/>\n<link rel=\"canonical\" href=\"https:\/\/swissclinic.hu\/altalanos-szerzodesi-feltetelek\/\" \/>\n<meta property=\"og:locale\" content=\"en_US\" \/>\n<meta property=\"og:type\" content=\"article\" \/>\n<meta property=\"og:title\" content=\"Terms and Conditions - Swiss Clinic\" \/>\n<meta property=\"og:description\" content=\"Terms and Conditions Dear Customers! You can find our general terms and conditions below. Swiss Medical Hungary Zrt. Client Card Service General Terms and Conditions from 2026.03.09. Swiss Medical Hungary Zrt. Care Regulations for the Optimum Customer Card Healthcare Service Product from 2025.11.13. Swiss Medical Hungary Zrt. General Terms and Conditions for the Provision of [&hellip;]\" \/>\n<meta property=\"og:url\" content=\"https:\/\/swissclinic.hu\/altalanos-szerzodesi-feltetelek\/\" \/>\n<meta property=\"og:site_name\" content=\"Swiss Clinic\" \/>\n<meta property=\"article:publisher\" content=\"https:\/\/www.facebook.com\/swissmedicalservices\/\" \/>\n<meta property=\"article:modified_time\" content=\"2026-03-20T16:23:26+01:00\" \/>\n<meta name=\"twitter:card\" content=\"summary_large_image\" \/>\n<meta name=\"twitter:label1\" content=\"Est. reading time\" \/>\n\t<meta name=\"twitter:data1\" content=\"2 minutes\" \/>\n<script type=\"application\/ld+json\" class=\"yoast-schema-graph\">{\"@context\":\"https:\/\/schema.org\",\"@graph\":[{\"@type\":\"WebPage\",\"@id\":\"https:\/\/swissclinic.hu\/altalanos-szerzodesi-feltetelek\/\",\"url\":\"https:\/\/swissclinic.hu\/altalanos-szerzodesi-feltetelek\/\",\"name\":\"Terms and Conditions - Swiss Clinic\",\"isPartOf\":{\"@id\":\"https:\/\/swissclinic.hu\/#website\"},\"datePublished\":\"2022-12-01T07:48:15+01:00\",\"dateModified\":\"2026-03-20T16:23:26+01:00\",\"breadcrumb\":{\"@id\":\"https:\/\/swissclinic.hu\/altalanos-szerzodesi-feltetelek\/#breadcrumb\"},\"inLanguage\":\"en-US\",\"potentialAction\":[{\"@type\":\"ReadAction\",\"target\":[\"https:\/\/swissclinic.hu\/altalanos-szerzodesi-feltetelek\/\"]}]},{\"@type\":\"BreadcrumbList\",\"@id\":\"https:\/\/swissclinic.hu\/altalanos-szerzodesi-feltetelek\/#breadcrumb\",\"itemListElement\":[{\"@type\":\"ListItem\",\"position\":1,\"name\":\"Kezd\u0151lap\",\"item\":\"https:\/\/swissclinic.hu\/\"},{\"@type\":\"ListItem\",\"position\":2,\"name\":\"Terms and Conditions\"}]},{\"@type\":\"WebSite\",\"@id\":\"https:\/\/swissclinic.hu\/#website\",\"url\":\"https:\/\/swissclinic.hu\/\",\"name\":\"Swiss Clinic\",\"description\":\"mag\u00e1nklinika, sz\u0171r\u0151vizsg\u00e1latok\",\"publisher\":{\"@id\":\"https:\/\/swissclinic.hu\/#organization\"},\"potentialAction\":[{\"@type\":\"SearchAction\",\"target\":{\"@type\":\"EntryPoint\",\"urlTemplate\":\"https:\/\/swissclinic.hu\/?s={search_term_string}\"},\"query-input\":\"required name=search_term_string\"}],\"inLanguage\":\"en-US\"},{\"@type\":\"Organization\",\"@id\":\"https:\/\/swissclinic.hu\/#organization\",\"name\":\"Swiss Clinic\",\"url\":\"https:\/\/swissclinic.hu\/\",\"logo\":{\"@type\":\"ImageObject\",\"inLanguage\":\"en-US\",\"@id\":\"https:\/\/swissclinic.hu\/#\/schema\/logo\/image\/\",\"url\":\"https:\/\/swissclinic.hu\/wp-content\/uploads\/2023\/04\/logo_4x1.png\",\"contentUrl\":\"https:\/\/swissclinic.hu\/wp-content\/uploads\/2023\/04\/logo_4x1.png\",\"width\":360,\"height\":90,\"caption\":\"Swiss Clinic\"},\"image\":{\"@id\":\"https:\/\/swissclinic.hu\/#\/schema\/logo\/image\/\"},\"sameAs\":[\"https:\/\/www.facebook.com\/swissmedicalservices\/\"]}]}<\/script>\n<!-- \/ Yoast SEO plugin. -->","yoast_head_json":{"title":"Terms and Conditions - Swiss Clinic","robots":{"index":"index","follow":"follow","max-snippet":"max-snippet:-1","max-image-preview":"max-image-preview:large","max-video-preview":"max-video-preview:-1"},"canonical":"https:\/\/swissclinic.hu\/altalanos-szerzodesi-feltetelek\/","og_locale":"en_US","og_type":"article","og_title":"Terms and Conditions - Swiss Clinic","og_description":"Terms and Conditions Dear Customers! You can find our general terms and conditions below. Swiss Medical Hungary Zrt. Client Card Service General Terms and Conditions from 2026.03.09. Swiss Medical Hungary Zrt. Care Regulations for the Optimum Customer Card Healthcare Service Product from 2025.11.13. Swiss Medical Hungary Zrt. General Terms and Conditions for the Provision of [&hellip;]","og_url":"https:\/\/swissclinic.hu\/altalanos-szerzodesi-feltetelek\/","og_site_name":"Swiss Clinic","article_publisher":"https:\/\/www.facebook.com\/swissmedicalservices\/","article_modified_time":"2026-03-20T16:23:26+01:00","twitter_card":"summary_large_image","twitter_misc":{"Est. reading time":"2 minutes"},"schema":{"@context":"https:\/\/schema.org","@graph":[{"@type":"WebPage","@id":"https:\/\/swissclinic.hu\/altalanos-szerzodesi-feltetelek\/","url":"https:\/\/swissclinic.hu\/altalanos-szerzodesi-feltetelek\/","name":"Terms and Conditions - Swiss Clinic","isPartOf":{"@id":"https:\/\/swissclinic.hu\/#website"},"datePublished":"2022-12-01T07:48:15+01:00","dateModified":"2026-03-20T16:23:26+01:00","breadcrumb":{"@id":"https:\/\/swissclinic.hu\/altalanos-szerzodesi-feltetelek\/#breadcrumb"},"inLanguage":"en-US","potentialAction":[{"@type":"ReadAction","target":["https:\/\/swissclinic.hu\/altalanos-szerzodesi-feltetelek\/"]}]},{"@type":"BreadcrumbList","@id":"https:\/\/swissclinic.hu\/altalanos-szerzodesi-feltetelek\/#breadcrumb","itemListElement":[{"@type":"ListItem","position":1,"name":"Kezd\u0151lap","item":"https:\/\/swissclinic.hu\/"},{"@type":"ListItem","position":2,"name":"Terms and Conditions"}]},{"@type":"WebSite","@id":"https:\/\/swissclinic.hu\/#website","url":"https:\/\/swissclinic.hu\/","name":"Swiss Clinic","description":"mag\u00e1nklinika, sz\u0171r\u0151vizsg\u00e1latok","publisher":{"@id":"https:\/\/swissclinic.hu\/#organization"},"potentialAction":[{"@type":"SearchAction","target":{"@type":"EntryPoint","urlTemplate":"https:\/\/swissclinic.hu\/?s={search_term_string}"},"query-input":"required name=search_term_string"}],"inLanguage":"en-US"},{"@type":"Organization","@id":"https:\/\/swissclinic.hu\/#organization","name":"Swiss Clinic","url":"https:\/\/swissclinic.hu\/","logo":{"@type":"ImageObject","inLanguage":"en-US","@id":"https:\/\/swissclinic.hu\/#\/schema\/logo\/image\/","url":"https:\/\/swissclinic.hu\/wp-content\/uploads\/2023\/04\/logo_4x1.png","contentUrl":"https:\/\/swissclinic.hu\/wp-content\/uploads\/2023\/04\/logo_4x1.png","width":360,"height":90,"caption":"Swiss Clinic"},"image":{"@id":"https:\/\/swissclinic.hu\/#\/schema\/logo\/image\/"},"sameAs":["https:\/\/www.facebook.com\/swissmedicalservices\/"]}]}},"_links":{"self":[{"href":"https:\/\/swissclinic.hu\/en\/wp-json\/wp\/v2\/pages\/11410"}],"collection":[{"href":"https:\/\/swissclinic.hu\/en\/wp-json\/wp\/v2\/pages"}],"about":[{"href":"https:\/\/swissclinic.hu\/en\/wp-json\/wp\/v2\/types\/page"}],"author":[{"embeddable":true,"href":"https:\/\/swissclinic.hu\/en\/wp-json\/wp\/v2\/users\/7"}],"replies":[{"embeddable":true,"href":"https:\/\/swissclinic.hu\/en\/wp-json\/wp\/v2\/comments?post=11410"}],"version-history":[{"count":0,"href":"https:\/\/swissclinic.hu\/en\/wp-json\/wp\/v2\/pages\/11410\/revisions"}],"wp:attachment":[{"href":"https:\/\/swissclinic.hu\/en\/wp-json\/wp\/v2\/media?parent=11410"}],"curies":[{"name":"wp","href":"https:\/\/api.w.org\/{rel}","templated":true}]}}